{"id":1932,"date":"2019-09-10T18:54:48","date_gmt":"2019-09-10T18:54:48","guid":{"rendered":"http:\/\/svsul.com.br\/sv\/?post_type=product&#038;p=1932"},"modified":"2021-12-07T00:41:58","modified_gmt":"2021-12-07T00:41:58","slug":"novos-comecos","status":"publish","type":"product","link":"http:\/\/svsul.com.br\/sv\/?product=novos-comecos","title":{"rendered":"NOVOS COME\u00c7OS"},"content":{"rendered":"<p>&#8220;Tudo tem o seu tempo determinado, e h\u00e1 tempo para todo o prop\u00f3sito debaixo do c\u00e9u.&#8221; Entender essa verdade deve causar em n\u00f3s esperan\u00e7a, mas tamb\u00e9m uma inquietude que nos leve a questionar em que tempo estamos, quais os ciclos que est\u00e3o terminando na nossa trajet\u00f3ria, para estarmos aptos a nos inserir nas novas etapas da vida que Deus nos concede.<\/p>\n<p><strong><em>Novos Come\u00e7os<\/em><\/strong> \u00e9 um convite di\u00e1rio de Deus, que quer nos ajustar ao rel\u00f3gio dEle, nos despertar para o novo nascimento em Cristo, nos fazendo regenerados no esp\u00edrito, saud\u00e1veis em n\u00f3s mesmos, saud\u00e1veia nos relacionamentos.<\/p>\n<p>Sermos uma nova pessoa , e vivermos <strong><em>Novos Come\u00e7os<\/em><\/strong>, \u00e9 o presente mais poderoso que podemos receber, sabendo que Yeshua \u00e9 o Senhor da nossa vida.<\/p>\n<p>A gra\u00e7a de termos direito ao C\u00e9u, e a revela\u00e7\u00e3o de que podemos viver como pr\u00edncipes e princesas neste Planeta, nos faz possuidores da b\u00ean\u00e7\u00e3o que est\u00e1 \u00e0 nossa disposi\u00e7\u00e3o, chamada Novo Nascimento, <strong><em>Novos Come\u00e7os<\/em><\/strong>.<\/p>\n<p>Vamos desfrutar esta verdade!<\/p>\n","protected":false},"excerpt":{"rendered":"<p>&#8220;Tudo tem o seu tempo determinado, e h\u00e1 tempo para todo o prop\u00f3sito debaixo do c\u00e9u.&#8221; Entender essa verdade deve causar em n\u00f3s esperan\u00e7a, mas tamb\u00e9m uma inquietude que nos leve a questionar em que tempo estamos, quais os ciclos que est\u00e3o terminando na nossa trajet\u00f3ria, para estarmos aptos a nos inserir nas novas etapas [&hellip;]<\/p>\n","protected":false},"featured_media":1933,"comment_status":"open","ping_status":"closed","template":"","meta":[],"product_cat":[14],"product_tag":[],"_links":{"self":[{"href":"http:\/\/svsul.com.br\/sv\/index.php?rest_route=\/wp\/v2\/product\/1932"}],"collection":[{"href":"http:\/\/svsul.com.br\/sv\/index.php?rest_route=\/wp\/v2\/product"}],"about":[{"href":"http:\/\/svsul.com.br\/sv\/index.php?rest_route=\/wp\/v2\/types\/product"}],"replies":[{"embeddable":true,"href":"http:\/\/svsul.com.br\/sv\/index.php?rest_route=%2Fwp%2Fv2%2Fcomments&post=1932"}],"wp:featuredmedia":[{"embeddable":true,"href":"http:\/\/svsul.com.br\/sv\/index.php?rest_route=\/wp\/v2\/media\/1933"}],"wp:attachment":[{"href":"http:\/\/svsul.com.br\/sv\/index.php?rest_route=%2Fwp%2Fv2%2Fmedia&parent=1932"}],"wp:term":[{"taxonomy":"product_cat","embeddable":true,"href":"http:\/\/svsul.com.br\/sv\/index.php?rest_route=%2Fwp%2Fv2%2Fproduct_cat&post=1932"},{"taxonomy":"product_tag","embeddable":true,"href":"http:\/\/svsul.com.br\/sv\/index.php?rest_route=%2Fwp%2Fv2%2Fproduct_tag&post=1932"}],"curies":[{"name":"wp","href":"https:\/\/api.w.org\/{rel}","templated":true}]}}