{"id":195,"date":"2013-03-03T15:15:58","date_gmt":"2013-03-03T15:15:58","guid":{"rendered":"http:\/\/svsul.com.br\/sv\/?post_type=product&#038;p=195"},"modified":"2023-01-17T13:18:48","modified_gmt":"2023-01-17T13:18:48","slug":"futuro-a-morada-do-lider-incomum","status":"publish","type":"product","link":"http:\/\/svsul.com.br\/sv\/?product=futuro-a-morada-do-lider-incomum","title":{"rendered":"FUTURO &#8211; A MORADA DO L\u00cdDER INCOMUM"},"content":{"rendered":"<p>Ren\u00ea Terra Nova \u00e9 um mestre na arte de receber. Ele n\u00e3o \u00e9 apenas um homem que caminha com Deus, mas \u00e9 um l\u00edder do futuro, um l\u00edder incomum.<\/p>\n<p>Quem imagina visita o futuro e tem o poder nas m\u00e3os. Isso \u00e9 incr\u00edvel! Este livro ser\u00e1 como se Deus colocasse um aspirador na sua vida, removesse o passado e o levasse do presente para o futuro. Onde voc\u00ea estiver, seja no Brasil ou espalhado pelo mundo, sei que ser\u00e1 aben\u00e7oado. Que cada um de n\u00f3s imagine o futuro. Que nunca mais fa\u00e7amos uma decis\u00e3o humana sem nos submetermos \u00e0 decis\u00e3o de imaginar o futuro que o Senhor tem para n\u00f3s.<\/p>\n<p>Comece a escrever uma nova hist\u00f3ria de futuro. O pre\u00e7o do futuro \u00e9 o presente. Imagine e entre no futuro. Este \u00e9 o destino do l\u00edder incomum. Este \u00e9 o decreto para o l\u00edder de honra.<\/p>\n<p>Autor: Ren\u00ea Terra Nova &#8211; 212 p\u00e1ginas<\/p>\n","protected":false},"excerpt":{"rendered":"<p>Quem imagina visita o futuro e tem o poder nas m\u00e3os. Este livro ser\u00e1 como se Deus colocasse um aspirador na sua vida, removesse o passado e o levasse do presente para o futuro.<br \/>\nAutor: Ren\u00ea Terra Nova &#8211; 212 p\u00e1ginas<\/p>\n","protected":false},"featured_media":196,"comment_status":"open","ping_status":"closed","template":"","meta":[],"product_cat":[14,18],"product_tag":[189,186,59],"_links":{"self":[{"href":"http:\/\/svsul.com.br\/sv\/index.php?rest_route=\/wp\/v2\/product\/195"}],"collection":[{"href":"http:\/\/svsul.com.br\/sv\/index.php?rest_route=\/wp\/v2\/product"}],"about":[{"href":"http:\/\/svsul.com.br\/sv\/index.php?rest_route=\/wp\/v2\/types\/product"}],"replies":[{"embeddable":true,"href":"http:\/\/svsul.com.br\/sv\/index.php?rest_route=%2Fwp%2Fv2%2Fcomments&post=195"}],"wp:featuredmedia":[{"embeddable":true,"href":"http:\/\/svsul.com.br\/sv\/index.php?rest_route=\/wp\/v2\/media\/196"}],"wp:attachment":[{"href":"http:\/\/svsul.com.br\/sv\/index.php?rest_route=%2Fwp%2Fv2%2Fmedia&parent=195"}],"wp:term":[{"taxonomy":"product_cat","embeddable":true,"href":"http:\/\/svsul.com.br\/sv\/index.php?rest_route=%2Fwp%2Fv2%2Fproduct_cat&post=195"},{"taxonomy":"product_tag","embeddable":true,"href":"http:\/\/svsul.com.br\/sv\/index.php?rest_route=%2Fwp%2Fv2%2Fproduct_tag&post=195"}],"curies":[{"name":"wp","href":"https:\/\/api.w.org\/{rel}","templated":true}]}}