{"id":197,"date":"2013-03-03T15:17:50","date_gmt":"2013-03-03T15:17:50","guid":{"rendered":"http:\/\/svsul.com.br\/sv\/?post_type=product&#038;p=197"},"modified":"2023-01-17T13:18:37","modified_gmt":"2023-01-17T13:18:37","slug":"guia-oficial-do-encontro","status":"publish","type":"product","link":"http:\/\/svsul.com.br\/sv\/?product=guia-oficial-do-encontro","title":{"rendered":"GUIA OFICIAL DO ENCONTRO"},"content":{"rendered":"<p>O novo Guia Oficial de Realiza\u00e7\u00e3o do Encontro com Deus \u00e9 resultado de uma igreja mais amadurecida que vem caminhando na Vis\u00e3o Celular h\u00e1 sete anos. Neste \u00ednterim, surgiu a necessidade do aperfei\u00e7oamento deste material para que os Encontros fossem mais aproveitados. As altera\u00e7\u00f5es foram realizadas sem, contudo, perder-se a integridade da Vis\u00e3o Celular no Modelo dos 12 e a fidelidade na realiza\u00e7\u00e3o dos Encontros. Este guia disponibiliza ao leitor palestras didaticamente mais organizadas dentro de perspectivas maiores para uma conquista eficaz e consolidadora dos novos disc\u00edpulos. Inicia-se um tempo novo! O alimento para hoje dentro do mover celular dever\u00e1 ser experimentado por todos. Isso enriquecer\u00e1 o Reino de Deus uma vez que gerar\u00e1 mudan\u00e7a de vida para o corpo de Cristo atrav\u00e9s deste instrumento maravilhoso que \u00e9 o Encontro.<\/p>\n<p>Autor: Ren\u00ea Terra Nova &#8211; 165 p\u00e1ginas<\/p>\n","protected":false},"excerpt":{"rendered":"<p>Este guia disponibiliza ao leitor palestras didaticamente mais organizadas dentro de perspectivas maiores para uma conquista eficaz e consolidadora dos novos disc\u00edpulos.<br \/>\nAutor: Ren\u00ea Terra Nova &#8211; 165 p\u00e1ginas<\/p>\n","protected":false},"featured_media":198,"comment_status":"open","ping_status":"closed","template":"","meta":[],"product_cat":[14,17],"product_tag":[188,59],"_links":{"self":[{"href":"http:\/\/svsul.com.br\/sv\/index.php?rest_route=\/wp\/v2\/product\/197"}],"collection":[{"href":"http:\/\/svsul.com.br\/sv\/index.php?rest_route=\/wp\/v2\/product"}],"about":[{"href":"http:\/\/svsul.com.br\/sv\/index.php?rest_route=\/wp\/v2\/types\/product"}],"replies":[{"embeddable":true,"href":"http:\/\/svsul.com.br\/sv\/index.php?rest_route=%2Fwp%2Fv2%2Fcomments&post=197"}],"wp:featuredmedia":[{"embeddable":true,"href":"http:\/\/svsul.com.br\/sv\/index.php?rest_route=\/wp\/v2\/media\/198"}],"wp:attachment":[{"href":"http:\/\/svsul.com.br\/sv\/index.php?rest_route=%2Fwp%2Fv2%2Fmedia&parent=197"}],"wp:term":[{"taxonomy":"product_cat","embeddable":true,"href":"http:\/\/svsul.com.br\/sv\/index.php?rest_route=%2Fwp%2Fv2%2Fproduct_cat&post=197"},{"taxonomy":"product_tag","embeddable":true,"href":"http:\/\/svsul.com.br\/sv\/index.php?rest_route=%2Fwp%2Fv2%2Fproduct_tag&post=197"}],"curies":[{"name":"wp","href":"https:\/\/api.w.org\/{rel}","templated":true}]}}