{"id":199,"date":"2013-03-03T15:19:39","date_gmt":"2013-03-03T15:19:39","guid":{"rendered":"http:\/\/svsul.com.br\/sv\/?post_type=product&#038;p=199"},"modified":"2023-01-17T13:18:23","modified_gmt":"2023-01-17T13:18:23","slug":"guia-oficial-do-reencontro","status":"publish","type":"product","link":"http:\/\/svsul.com.br\/sv\/?product=guia-oficial-do-reencontro","title":{"rendered":"GUIA OFICIAL DO REENCONTRO"},"content":{"rendered":"<p>O Reencontro \u00e9 uma estrat\u00e9gia de edifica\u00e7\u00e3o para l\u00edderes. Depois de um longo tempo de trabalho, estudo e envolvimento com as c\u00e9lulas, o l\u00edder precisa ser reabastecido e, ao mesmo tempo, aperfei\u00e7oado. \u00c9 para isso que existe o reencontro que, al\u00e9m de sobrenatural, \u00e9 terap\u00eautico; prova relacionamentos e ajuda o l\u00edder a compartilhar a sua experi\u00eancia motivando a outros produzirem com mais alegria.<\/p>\n<p>Este novo Guia Oficial do Reencontro traz para os ministradores palestras didaticamente mais organizadas o que permitir\u00e1 que os l\u00edderes sejam atingidos em um n\u00edvel excelente de cura interior e despertados no tocante ao crescimento celular.<\/p>\n<p>Autor: Ren\u00ea Terra Nova &#8211; 99 p\u00e1ginas<\/p>\n","protected":false},"excerpt":{"rendered":"<p>Este novo Guia Oficial do Reencontro traz para os ministradores palestras didaticamente mais organizadas o que permitir\u00e1 que os l\u00edderes sejam atingidos em um n\u00edvel excelente de cura interior e despertados no tocante ao crescimento celular. Autor: Ren\u00ea Ter<\/p>\n","protected":false},"featured_media":200,"comment_status":"open","ping_status":"closed","template":"","meta":[],"product_cat":[14,17],"product_tag":[187,59],"_links":{"self":[{"href":"http:\/\/svsul.com.br\/sv\/index.php?rest_route=\/wp\/v2\/product\/199"}],"collection":[{"href":"http:\/\/svsul.com.br\/sv\/index.php?rest_route=\/wp\/v2\/product"}],"about":[{"href":"http:\/\/svsul.com.br\/sv\/index.php?rest_route=\/wp\/v2\/types\/product"}],"replies":[{"embeddable":true,"href":"http:\/\/svsul.com.br\/sv\/index.php?rest_route=%2Fwp%2Fv2%2Fcomments&post=199"}],"wp:featuredmedia":[{"embeddable":true,"href":"http:\/\/svsul.com.br\/sv\/index.php?rest_route=\/wp\/v2\/media\/200"}],"wp:attachment":[{"href":"http:\/\/svsul.com.br\/sv\/index.php?rest_route=%2Fwp%2Fv2%2Fmedia&parent=199"}],"wp:term":[{"taxonomy":"product_cat","embeddable":true,"href":"http:\/\/svsul.com.br\/sv\/index.php?rest_route=%2Fwp%2Fv2%2Fproduct_cat&post=199"},{"taxonomy":"product_tag","embeddable":true,"href":"http:\/\/svsul.com.br\/sv\/index.php?rest_route=%2Fwp%2Fv2%2Fproduct_tag&post=199"}],"curies":[{"name":"wp","href":"https:\/\/api.w.org\/{rel}","templated":true}]}}