{"id":203,"date":"2013-03-03T15:27:56","date_gmt":"2013-03-03T15:27:56","guid":{"rendered":"http:\/\/svsul.com.br\/sv\/?post_type=product&#038;p=203"},"modified":"2023-01-17T13:18:11","modified_gmt":"2023-01-17T13:18:11","slug":"ideia-o-universo-do-lider-inteligente","status":"publish","type":"product","link":"http:\/\/svsul.com.br\/sv\/?product=ideia-o-universo-do-lider-inteligente","title":{"rendered":"IDEIA, O UNIVERSO DO LIDER INTELIGENTE"},"content":{"rendered":"<p>Ideia \u00e9 a ferramenta para as novidades e o fruto para resultados de impacto. Quem tem uma ideia tem o poder nas m\u00e3os e a capacidade para mudar sua geografia.<br \/>\nAutor: Ren\u00ea Terra Nova &#8211; 126 p\u00e1ginas<\/p>\n","protected":false},"excerpt":{"rendered":"<p>Ideia \u00e9 a ferramenta para as novidades e o fruto para resultados de impacto. Quem tem uma ideia tem o poder nas m\u00e3os e a capacidade para mudar sua geografia. Os L\u00edderes de ideias s\u00e3o seguidos, admirados e se tornam \u00edcones de renova\u00e7\u00e3o geogr\u00e1fica. Este livro \u00e9 uma contribui\u00e7\u00e3o para provocar novas ideias, uma manifesta\u00e7\u00e3o de criatividade e desejo de mudan\u00e7a, porque quem tem uma ideia original \u00e9 o referencial na sua gera\u00e7\u00e3o.<\/p>\n<p>Autor: Ren\u00ea Terra Nova &#8211; 126 p\u00e1ginas<\/p>\n<p>&nbsp;<\/p>\n","protected":false},"featured_media":204,"comment_status":"open","ping_status":"closed","template":"","meta":[],"product_cat":[14,18],"product_tag":[185,186,59],"_links":{"self":[{"href":"http:\/\/svsul.com.br\/sv\/index.php?rest_route=\/wp\/v2\/product\/203"}],"collection":[{"href":"http:\/\/svsul.com.br\/sv\/index.php?rest_route=\/wp\/v2\/product"}],"about":[{"href":"http:\/\/svsul.com.br\/sv\/index.php?rest_route=\/wp\/v2\/types\/product"}],"replies":[{"embeddable":true,"href":"http:\/\/svsul.com.br\/sv\/index.php?rest_route=%2Fwp%2Fv2%2Fcomments&post=203"}],"wp:featuredmedia":[{"embeddable":true,"href":"http:\/\/svsul.com.br\/sv\/index.php?rest_route=\/wp\/v2\/media\/204"}],"wp:attachment":[{"href":"http:\/\/svsul.com.br\/sv\/index.php?rest_route=%2Fwp%2Fv2%2Fmedia&parent=203"}],"wp:term":[{"taxonomy":"product_cat","embeddable":true,"href":"http:\/\/svsul.com.br\/sv\/index.php?rest_route=%2Fwp%2Fv2%2Fproduct_cat&post=203"},{"taxonomy":"product_tag","embeddable":true,"href":"http:\/\/svsul.com.br\/sv\/index.php?rest_route=%2Fwp%2Fv2%2Fproduct_tag&post=203"}],"curies":[{"name":"wp","href":"https:\/\/api.w.org\/{rel}","templated":true}]}}