{"id":207,"date":"2013-03-03T15:31:24","date_gmt":"2013-03-03T15:31:24","guid":{"rendered":"http:\/\/svsul.com.br\/sv\/?post_type=product&#038;p=207"},"modified":"2023-01-17T13:17:35","modified_gmt":"2023-01-17T13:17:35","slug":"invencao-a-criatividade-que-transformara-a-sua-geografia","status":"publish","type":"product","link":"http:\/\/svsul.com.br\/sv\/?product=invencao-a-criatividade-que-transformara-a-sua-geografia","title":{"rendered":"INVEN\u00c7\u00c3O &#8211; A CRIATIVIDADE QUE TRANSFORMARA A SUA GEOGRAFIA"},"content":{"rendered":"<p>\u00c9 um livro que parece pequeno, mas tem uma dimens\u00e3o global que ampliar\u00e1 a sua vida. Por isso, quero incentiv\u00e1-lo a reescrever a sua pr\u00f3pria hist\u00f3ria e a reiventar a sua pr\u00f3pria sorte. Estimulo voc\u00ea a descobrir ou redescobrir que voc\u00ea \u00e9 uma potencialidade guardada e que n\u00e3o pode andar mais escondido, porque h\u00e1 algo tremendo da parte do Eterno, querendo trazer uma realidade poderosa para a sua vida e para a vida daqueles que andam ao seu lado.<\/p>\n<p>Autor: Ren\u00ea Terra Nova &#8211; 148 p\u00e1ginas<\/p>\n","protected":false},"excerpt":{"rendered":"<p>Estimulo voc\u00ea a descobrir ou redescobrir que voc\u00ea \u00e9 uma potencialidade guardada e que n\u00e3o pode andar mais escondido, porque h\u00e1 algo tremendo da parte do Eterno, querendo trazer uma realidade poderosa para a sua vida e para a vida daqueles que andam ao seu<\/p>\n","protected":false},"featured_media":208,"comment_status":"open","ping_status":"closed","template":"","meta":[],"product_cat":[14,18],"product_tag":[184,59],"_links":{"self":[{"href":"http:\/\/svsul.com.br\/sv\/index.php?rest_route=\/wp\/v2\/product\/207"}],"collection":[{"href":"http:\/\/svsul.com.br\/sv\/index.php?rest_route=\/wp\/v2\/product"}],"about":[{"href":"http:\/\/svsul.com.br\/sv\/index.php?rest_route=\/wp\/v2\/types\/product"}],"replies":[{"embeddable":true,"href":"http:\/\/svsul.com.br\/sv\/index.php?rest_route=%2Fwp%2Fv2%2Fcomments&post=207"}],"wp:featuredmedia":[{"embeddable":true,"href":"http:\/\/svsul.com.br\/sv\/index.php?rest_route=\/wp\/v2\/media\/208"}],"wp:attachment":[{"href":"http:\/\/svsul.com.br\/sv\/index.php?rest_route=%2Fwp%2Fv2%2Fmedia&parent=207"}],"wp:term":[{"taxonomy":"product_cat","embeddable":true,"href":"http:\/\/svsul.com.br\/sv\/index.php?rest_route=%2Fwp%2Fv2%2Fproduct_cat&post=207"},{"taxonomy":"product_tag","embeddable":true,"href":"http:\/\/svsul.com.br\/sv\/index.php?rest_route=%2Fwp%2Fv2%2Fproduct_tag&post=207"}],"curies":[{"name":"wp","href":"https:\/\/api.w.org\/{rel}","templated":true}]}}