{"id":215,"date":"2013-03-03T15:38:34","date_gmt":"2013-03-03T15:38:34","guid":{"rendered":"http:\/\/svsul.com.br\/sv\/?post_type=product&#038;p=215"},"modified":"2023-01-17T13:17:14","modified_gmt":"2023-01-17T13:17:14","slug":"m12-o-modelo-de-jesus","status":"publish","type":"product","link":"http:\/\/svsul.com.br\/sv\/?product=m12-o-modelo-de-jesus","title":{"rendered":"M12 O MODELO DE JESUS"},"content":{"rendered":"<p>Chegou a hora de pautar neste livro assuntos que ajudar\u00e3o centenas e milhares de pessoas a dar um salto na sua hist\u00f3ria de vida e come\u00e7ar um renovo na transi\u00e7\u00e3o de mente, mudan\u00e7a de comportamento e uma chamada que n\u00e3o poder\u00e1 ser mensurada.<\/p>\n<p>O M12 \u00e9 uma Vis\u00e3o sem fronteiras; n\u00e3o \u00e9 de exclus\u00e3o, mas de inclus\u00e3o; n\u00e3o \u00e9 de exclusividade, mas de singularidade. Jesus ensinou: \u2018Eu os escolhi em n\u00famero de 12\u2019 (Jo\u00e3o 6:70a). Ent\u00e3o, somos a escolha do Messias, resultado do Seu cora\u00e7\u00e3o.<\/p>\n<p>O M12 hoje tem uma proposta mais ampliada: uma Igreja de Modelo gerando as c\u00e9lulas. Levamos muito tempo fazendo c\u00e9lulas para gerar modelos, mas hoje investimos tempo formando modelo para gerar c\u00e9lulas. Da\u00ed nasce uma Igreja com identidade, sa\u00fade, vida, porque a lideran\u00e7a foi liberta, curada, restaurada, n\u00e3o deixando que as marcas do passado anulem as conquistas do presente, nem t\u00e3o pouco o sobrenatural que nos espera no futuro.<\/p>\n<p>Autor: Ren\u00ea Terra Nova \u2013 184 p\u00e1ginas<\/p>\n<p>&nbsp;<\/p>\n<p>&nbsp;<\/p>\n","protected":false},"excerpt":{"rendered":"<p>O M12 \u00e9 uma Vis\u00e3o sem fronteiras; n\u00e3o \u00e9 de exclus\u00e3o, mas de inclus\u00e3o; n\u00e3o \u00e9 de exclusividade, mas de singularidade. Jesus ensinou: \u2018Eu os escolhi em n\u00famero de 12\u2019 (Jo\u00e3o 6:70a).<br \/>\nAutor: Ren\u00ea Terra Nova \u2013 184 p\u00e1ginas<\/p>\n","protected":false},"featured_media":216,"comment_status":"open","ping_status":"closed","template":"","meta":[],"product_cat":[14,18],"product_tag":[99,180,59],"_links":{"self":[{"href":"http:\/\/svsul.com.br\/sv\/index.php?rest_route=\/wp\/v2\/product\/215"}],"collection":[{"href":"http:\/\/svsul.com.br\/sv\/index.php?rest_route=\/wp\/v2\/product"}],"about":[{"href":"http:\/\/svsul.com.br\/sv\/index.php?rest_route=\/wp\/v2\/types\/product"}],"replies":[{"embeddable":true,"href":"http:\/\/svsul.com.br\/sv\/index.php?rest_route=%2Fwp%2Fv2%2Fcomments&post=215"}],"wp:featuredmedia":[{"embeddable":true,"href":"http:\/\/svsul.com.br\/sv\/index.php?rest_route=\/wp\/v2\/media\/216"}],"wp:attachment":[{"href":"http:\/\/svsul.com.br\/sv\/index.php?rest_route=%2Fwp%2Fv2%2Fmedia&parent=215"}],"wp:term":[{"taxonomy":"product_cat","embeddable":true,"href":"http:\/\/svsul.com.br\/sv\/index.php?rest_route=%2Fwp%2Fv2%2Fproduct_cat&post=215"},{"taxonomy":"product_tag","embeddable":true,"href":"http:\/\/svsul.com.br\/sv\/index.php?rest_route=%2Fwp%2Fv2%2Fproduct_tag&post=215"}],"curies":[{"name":"wp","href":"https:\/\/api.w.org\/{rel}","templated":true}]}}