{"id":217,"date":"2013-03-03T15:39:58","date_gmt":"2013-03-03T15:39:58","guid":{"rendered":"http:\/\/svsul.com.br\/sv\/?post_type=product&#038;p=217"},"modified":"2023-01-17T13:16:58","modified_gmt":"2023-01-17T13:16:58","slug":"mentes-brilhantes","status":"publish","type":"product","link":"http:\/\/svsul.com.br\/sv\/?product=mentes-brilhantes","title":{"rendered":"MENTES BRILHANTES"},"content":{"rendered":"<p>MENTES BRILHANTES<\/p>\n<p>No mundo em que vivemos, as mulheres encontram-se em destaque nas mais diversas \u00e1reas. Algumas est\u00e3o t\u00e3o ocupadas que n\u00e3o t\u00eam encontrado tempo para se ocupar em cuidar da mente e dar a si mesmas o valor que merecem.<\/p>\n<p>Os benef\u00edcios tecnol\u00f3gicos que possu\u00edmos para facilitar o enriquecimento na mente e nos fazer brilhar nem sempre t\u00eam sido bem utilizados ou aliados aos Princ\u00edpios B\u00edblicos, os quais devem nortear a nossa vida. O resultado tem sido uma grande demanda de mulheres voltadas para o exterior, mais do que para o interior, mais preocupadas com o ter do que com o ser. E isso retrata tanta futilidade nos dias atuais.<\/p>\n<p>Neste livro da f\u00e1cil leitura e compreens\u00e3o, voc\u00ea poder\u00e1 se encontrar com parte da vontade de Deus para sua vida. Parte?! Porque n\u00e3o \u00e9 inten\u00e7\u00e3o da autora entregar a voc\u00ea, em uma bandeja, aquilo que voc\u00ea pode descobrir sozinha.<\/p>\n<p>S\u00e3o oito cap\u00edtulos que levar\u00e3o voc\u00ea a um aprendizado sobre como sua vida pode ser transformada quando voc\u00ea cumpre a Palavra e decide desenvolver o potencial da sua mente em Deus.<\/p>\n<p>Autora: Marita Terra Nova<\/p>\n<p>P\u00e1ginas: 108<\/p>\n<p>&nbsp;<\/p>\n","protected":false},"excerpt":{"rendered":"<p>Oito cap\u00edtulos que levar\u00e3o voc\u00ea a um aprendizado sobre como sua vida pode ser transformada quando voc\u00ea cumpre a Palavra e decide desenvolver o potencial da sua mente em Deus.<\/p>\n","protected":false},"featured_media":218,"comment_status":"open","ping_status":"closed","template":"","meta":[],"product_cat":[14,18],"product_tag":[67,179],"_links":{"self":[{"href":"http:\/\/svsul.com.br\/sv\/index.php?rest_route=\/wp\/v2\/product\/217"}],"collection":[{"href":"http:\/\/svsul.com.br\/sv\/index.php?rest_route=\/wp\/v2\/product"}],"about":[{"href":"http:\/\/svsul.com.br\/sv\/index.php?rest_route=\/wp\/v2\/types\/product"}],"replies":[{"embeddable":true,"href":"http:\/\/svsul.com.br\/sv\/index.php?rest_route=%2Fwp%2Fv2%2Fcomments&post=217"}],"wp:featuredmedia":[{"embeddable":true,"href":"http:\/\/svsul.com.br\/sv\/index.php?rest_route=\/wp\/v2\/media\/218"}],"wp:attachment":[{"href":"http:\/\/svsul.com.br\/sv\/index.php?rest_route=%2Fwp%2Fv2%2Fmedia&parent=217"}],"wp:term":[{"taxonomy":"product_cat","embeddable":true,"href":"http:\/\/svsul.com.br\/sv\/index.php?rest_route=%2Fwp%2Fv2%2Fproduct_cat&post=217"},{"taxonomy":"product_tag","embeddable":true,"href":"http:\/\/svsul.com.br\/sv\/index.php?rest_route=%2Fwp%2Fv2%2Fproduct_tag&post=217"}],"curies":[{"name":"wp","href":"https:\/\/api.w.org\/{rel}","templated":true}]}}