{"id":219,"date":"2013-03-03T15:41:24","date_gmt":"2013-03-03T15:41:24","guid":{"rendered":"http:\/\/svsul.com.br\/sv\/?post_type=product&#038;p=219"},"modified":"2019-01-29T16:10:57","modified_gmt":"2019-01-29T16:10:57","slug":"mentes-brilhantes-casam-com-mentes-extraordinarias","status":"publish","type":"product","link":"http:\/\/svsul.com.br\/sv\/?product=mentes-brilhantes-casam-com-mentes-extraordinarias","title":{"rendered":"MENTES BRILHANTES CASAM COM MENTES EXTRAORDIN\u00c1RIAS"},"content":{"rendered":"<p>Ao ler este livro, voc\u00ea descobrir\u00e1 um caminho que muitos gostariam de trilhar. Um caminho que, al\u00e9m de ser seguro, est\u00e1 sinalizado com muitas placas de advert\u00eancias, com margens de seguran\u00e7a, para que as ultrapassagens sejam de pleno \u00eaxito. Nessa estrada, em cada Stop (parada) at\u00e9 o Siga em frente (com seguran\u00e7a), voc\u00ea ser\u00e1 conduzido a uma reflex\u00e3o.<\/p>\n<p>Voc\u00ea perguntaria: \u00c9 um livro ou um manual de tr\u00e2nsito? Na verdade, o livro trata sobre as Mentes Brilhantes e as Mentes Extraordin\u00e1rias. E, durante esta viagem espetacular, voc\u00ea entender\u00e1 que pai e m\u00e3e s\u00e3o os condutores Brilhantes e Extraordin\u00e1rios, que geram Filhos Fascinantes.<\/p>\n<p>Com a fam\u00edlia a salvo, chegaremos ao lugar mais seguro da Terra, nosso LAR, e veremos que, apesar dos riscos da vida, todos est\u00e3o em perfeita paz e seguran\u00e7a. Entenderemos que as curvas sinuosas serviram para mostrar que por mais que os l\u00edderes de Mentes Brilhantes e Mentes Extraordin\u00e1rias sejam seguros, n\u00e3o est\u00e3o isentos dos arranh\u00f5es que as curvas da vida trazem ao relacionamento, mas que na Oficina Perfeita (Casa de Deus), podemos ser tratados e polidos, sem parecer que um dia passamos por desconfortos.<\/p>\n<p>Mentes Brilhantes e Mentes Extraordin\u00e1rias t\u00eam a miss\u00e3o de se completar e ministrar firmeza para aqueles que esperam de n\u00f3s posturas maduras, que tragam seguran\u00e7a eficaz para dentro do lar. Quando esses nobres se encontram, algo poderoso brota n\u00e3o s\u00f3 na fam\u00edlia, mas, principalmente, na sociedade secular, e leva uma gera\u00e7\u00e3o a crer que, mesmo em um s\u00e9culo t\u00e3o not\u00e1vel como o nosso, mas com tantos enfermos sociais, existe um lugar onde as pessoas t\u00eam conduta e vida aprovada: a Fam\u00edlia.<\/p>\n<p>&nbsp;<\/p>\n<p>Ren\u00ea Terra Nova<\/p>\n<p>176 p\u00e1ginas<\/p>\n<p>&nbsp;<\/p>\n","protected":false},"excerpt":{"rendered":"<p>Ao ler este livro, voc\u00ea descobrir\u00e1 um caminho que muitos gostariam de trilhar. Um caminho que, al\u00e9m de ser seguro, est\u00e1 sinalizado com muitas placas de advert\u00eancias, com margens de seguran\u00e7a, para que as ultrapassagens sejam de pleno \u00eaxito. Nessa estrada,<\/p>\n","protected":false},"featured_media":220,"comment_status":"open","ping_status":"closed","template":"","meta":[],"product_cat":[14,18],"product_tag":[179,59],"_links":{"self":[{"href":"http:\/\/svsul.com.br\/sv\/index.php?rest_route=\/wp\/v2\/product\/219"}],"collection":[{"href":"http:\/\/svsul.com.br\/sv\/index.php?rest_route=\/wp\/v2\/product"}],"about":[{"href":"http:\/\/svsul.com.br\/sv\/index.php?rest_route=\/wp\/v2\/types\/product"}],"replies":[{"embeddable":true,"href":"http:\/\/svsul.com.br\/sv\/index.php?rest_route=%2Fwp%2Fv2%2Fcomments&post=219"}],"wp:featuredmedia":[{"embeddable":true,"href":"http:\/\/svsul.com.br\/sv\/index.php?rest_route=\/wp\/v2\/media\/220"}],"wp:attachment":[{"href":"http:\/\/svsul.com.br\/sv\/index.php?rest_route=%2Fwp%2Fv2%2Fmedia&parent=219"}],"wp:term":[{"taxonomy":"product_cat","embeddable":true,"href":"http:\/\/svsul.com.br\/sv\/index.php?rest_route=%2Fwp%2Fv2%2Fproduct_cat&post=219"},{"taxonomy":"product_tag","embeddable":true,"href":"http:\/\/svsul.com.br\/sv\/index.php?rest_route=%2Fwp%2Fv2%2Fproduct_tag&post=219"}],"curies":[{"name":"wp","href":"https:\/\/api.w.org\/{rel}","templated":true}]}}