{"id":221,"date":"2013-03-03T15:42:48","date_gmt":"2013-03-03T15:42:48","guid":{"rendered":"http:\/\/svsul.com.br\/sv\/?post_type=product&#038;p=221"},"modified":"2023-01-17T13:16:42","modified_gmt":"2023-01-17T13:16:42","slug":"minha-casa-um-pedacinho-do-ceu","status":"publish","type":"product","link":"http:\/\/svsul.com.br\/sv\/?product=minha-casa-um-pedacinho-do-ceu","title":{"rendered":"MINHA CASA, UM PEDACINHO DO C\u00c9U"},"content":{"rendered":"<p>&#8216;Minha casa, um Pedacinho do C\u00e9u&#8217; n\u00e3o \u00e9 apenas uma frase po\u00e9tica, \u00e9 um sonho de Deus que ser\u00e1 realizado na sua vida, na sua Fam\u00edlia. E para que esse sonho se cumpra, \u00e9 necess\u00e1ria uma decis\u00e3o, um grande desejo de mudan\u00e7as. \u00c9 abrir m\u00e3o de coisas que achamos que s\u00e3o importantes, mas que podem nos fazer ganhar tudo e perder a Fam\u00edlia.<br \/>\nEsta leitura o incentivar\u00e1 a ser o que Deus planejou que voc\u00ea fosse e a entrar numa guerra a favor da sua fam\u00edlia. N\u00e3o apenas no reino espiritual, mas uma guerra travada tamb\u00e9m na alma, quando, a todo instante, voc\u00ea deve lutar pelo dom\u00ednio das suas vontades e sentimentos.<br \/>\nDeus \u00e9 o mais interessado em que a sua casa seja e tenha mais do C\u00e9u e menos da Terra, que sua casa seja verdadeiramente um pedacinho do C\u00e9u. Ent\u00e3o, decida busca-lo e experimente o gostinho do C\u00e9u no seu Lar!<\/p>\n<p>Autor: Ren\u00ea Terra Nova &#8211; 102 p\u00e1ginas<\/p>\n","protected":false},"excerpt":{"rendered":"<p>&#8216;Minha casa, um Pedacinho do C\u00e9u&#8217; n\u00e3o \u00e9 apenas uma frase po\u00e9tica, \u00e9 um sonho de Deus que ser\u00e1 realizado na sua vida, na sua Fam\u00edlia. Autor: Ren\u00ea Terra Nova &#8211; 102 p\u00e1ginas<\/p>\n","protected":false},"featured_media":222,"comment_status":"open","ping_status":"closed","template":"","meta":[],"product_cat":[14,18],"product_tag":[178],"_links":{"self":[{"href":"http:\/\/svsul.com.br\/sv\/index.php?rest_route=\/wp\/v2\/product\/221"}],"collection":[{"href":"http:\/\/svsul.com.br\/sv\/index.php?rest_route=\/wp\/v2\/product"}],"about":[{"href":"http:\/\/svsul.com.br\/sv\/index.php?rest_route=\/wp\/v2\/types\/product"}],"replies":[{"embeddable":true,"href":"http:\/\/svsul.com.br\/sv\/index.php?rest_route=%2Fwp%2Fv2%2Fcomments&post=221"}],"wp:featuredmedia":[{"embeddable":true,"href":"http:\/\/svsul.com.br\/sv\/index.php?rest_route=\/wp\/v2\/media\/222"}],"wp:attachment":[{"href":"http:\/\/svsul.com.br\/sv\/index.php?rest_route=%2Fwp%2Fv2%2Fmedia&parent=221"}],"wp:term":[{"taxonomy":"product_cat","embeddable":true,"href":"http:\/\/svsul.com.br\/sv\/index.php?rest_route=%2Fwp%2Fv2%2Fproduct_cat&post=221"},{"taxonomy":"product_tag","embeddable":true,"href":"http:\/\/svsul.com.br\/sv\/index.php?rest_route=%2Fwp%2Fv2%2Fproduct_tag&post=221"}],"curies":[{"name":"wp","href":"https:\/\/api.w.org\/{rel}","templated":true}]}}