{"id":225,"date":"2013-03-03T15:45:48","date_gmt":"2013-03-03T15:45:48","guid":{"rendered":"http:\/\/svsul.com.br\/sv\/?post_type=product&#038;p=225"},"modified":"2023-01-17T13:16:27","modified_gmt":"2023-01-17T13:16:27","slug":"o-dna-da-honra-a-revelacao-da-genese","status":"publish","type":"product","link":"http:\/\/svsul.com.br\/sv\/?product=o-dna-da-honra-a-revelacao-da-genese","title":{"rendered":"O DNA DA HONRA &#8211; A REVELA\u00c7\u00c3O DA G\u00caNESE"},"content":{"rendered":"<p>Toda escolha que fazemos \u00e9 uma semente plantada que haver\u00e1 reivindica\u00e7\u00e3o no futuro. As escolhas no presente s\u00e3o semente que chamam a exist\u00eancia o futuro que merecemos. Algumas pessoas lamentam-se e indagam por que n\u00e3o prosperam, por que n\u00e3o s\u00e3o felizes, por que n\u00e3o tem \u00eaxito, mas n\u00e3o plantam semente nesta dire\u00e7\u00e3o. Tudo o que elas s\u00e3o hoje s\u00e3o sementes que plantaram ontem, e se elas quiserem ser algu\u00e9m amanh\u00e3 dever\u00e3o plantar as sementes hoje.<\/p>\n<p>A Honra \u00e9 uma semente eterna promove a vida e a desonra \u00e9 uma semente longa que chama a exist\u00eancia a morte. Neste livro, tenho a proposta de ajudar voc\u00ea a descobrir os mist\u00e9rios de ser devolvido aos princ\u00edpios.<\/p>\n<p>O DNA da Honra provocar\u00e1 o entrar num jardim, o vislumbrar da \u00e1rvore do conhecimento do bem e do mal. A \u00e1rvore da vida gerenciada por Yeshua e a \u00e1rvore do bem e do mal administrado por Leviat\u00e3. Este livro o colocar\u00e1 numa bifurca\u00e7\u00e3o, numa situa\u00e7\u00e3o decisiva e voc\u00ea decidir\u00e1. Sei que voc\u00ea dir\u00e1 n\u00e3o para Leviat\u00e3 e sim para Yeshua!<\/p>\n<p>Autor: Ren\u00ea Terra Nova &#8211; 147 p\u00e1ginas<\/p>\n","protected":false},"excerpt":{"rendered":"<p>O DNA da Honra provocar\u00e1 o entrar num jardim, o vislumbrar da \u00e1rvore do conhecimento do bem e do mal. A \u00e1rvore da vida gerenciada por Yeshua e a \u00e1rvore do bem e do mal administrado por Leviat\u00e3.<br \/>\nAutor: Ren\u00ea Terra Nova &#8211; 147 p\u00e1ginas<\/p>\n","protected":false},"featured_media":226,"comment_status":"open","ping_status":"closed","template":"","meta":[],"product_cat":[14,18],"product_tag":[176,59],"_links":{"self":[{"href":"http:\/\/svsul.com.br\/sv\/index.php?rest_route=\/wp\/v2\/product\/225"}],"collection":[{"href":"http:\/\/svsul.com.br\/sv\/index.php?rest_route=\/wp\/v2\/product"}],"about":[{"href":"http:\/\/svsul.com.br\/sv\/index.php?rest_route=\/wp\/v2\/types\/product"}],"replies":[{"embeddable":true,"href":"http:\/\/svsul.com.br\/sv\/index.php?rest_route=%2Fwp%2Fv2%2Fcomments&post=225"}],"wp:featuredmedia":[{"embeddable":true,"href":"http:\/\/svsul.com.br\/sv\/index.php?rest_route=\/wp\/v2\/media\/226"}],"wp:attachment":[{"href":"http:\/\/svsul.com.br\/sv\/index.php?rest_route=%2Fwp%2Fv2%2Fmedia&parent=225"}],"wp:term":[{"taxonomy":"product_cat","embeddable":true,"href":"http:\/\/svsul.com.br\/sv\/index.php?rest_route=%2Fwp%2Fv2%2Fproduct_cat&post=225"},{"taxonomy":"product_tag","embeddable":true,"href":"http:\/\/svsul.com.br\/sv\/index.php?rest_route=%2Fwp%2Fv2%2Fproduct_tag&post=225"}],"curies":[{"name":"wp","href":"https:\/\/api.w.org\/{rel}","templated":true}]}}