{"id":229,"date":"2013-03-03T15:49:03","date_gmt":"2013-03-03T15:49:03","guid":{"rendered":"http:\/\/svsul.com.br\/sv\/?post_type=product&#038;p=229"},"modified":"2019-01-29T16:07:51","modified_gmt":"2019-01-29T16:07:51","slug":"o-suprimento-extra-e-a-extravagante-oferta-no-deserto","status":"publish","type":"product","link":"http:\/\/svsul.com.br\/sv\/?product=o-suprimento-extra-e-a-extravagante-oferta-no-deserto","title":{"rendered":"O SUPRIMENTO EXTRA E A EXTRAVAGANTE OFERTA NO DESERTO"},"content":{"rendered":"<p>Um novo tempo de vida aguarda o nobre leitor. Experimentar o Suprimento Extra \u00e9 a proposta de Deus para todos os Seus Filhos. Vai al\u00e9m do p\u00e3o e da carne materializados de forma sobrenatural no deserto, vai al\u00e9m da moeda encontrada na boca do peixe.<\/p>\n<p>O Suprimento Extra<\/p>\n<p>Vem diretamente do Trono de Deus. \u00c9 Deus fazendo justi\u00e7a aos Seus filhos. \u00c9 a indeniza\u00e7\u00e3o, por parte das autoridades injustas, por anos de trabalho, a cidad\u00e3os honestos e trabalhadores, os filhos de Deus.<\/p>\n<p>O Suprimento Extra<\/p>\n<p>\u00c9 aquilo que n\u00e3o est\u00e1 previsto no contra cheque. \u00c9 a manifesta\u00e7\u00e3o sobrenatural de Deus. \u00c9 o cumprimento da alian\u00e7a de Deus com Abrah\u00e3o:\u201d&#8230;eles sair\u00e3o com grandes riquezas.\u201d (Genesis 15:14)<\/p>\n<p>O Suprimento Extra<\/p>\n<p>Representa todas as riquezas que Jesus derramar\u00e1 sobre a Igreja nesta \u00faltima gera\u00e7\u00e3o para o cumprimento de Sua palavra: implanta\u00e7\u00e3o do Seu reino. \u00c9 Jesus quem supre para que, de forma extravagante, a Igreja possa ofertar para a expans\u00e3o exagerada do Reino de Deus.<\/p>\n","protected":false},"excerpt":{"rendered":"<p>Experimentar o Suprimento Extra \u00e9 a proposta de Deus para todos os Seus Filhos. Vai al\u00e9m do p\u00e3o e da carne materializados de forma sobrenatural no deserto, vai al\u00e9m da moeda encontrada na boca do peixe.<\/p>\n","protected":false},"featured_media":230,"comment_status":"open","ping_status":"closed","template":"","meta":[],"product_cat":[14,18],"product_tag":[173,174],"_links":{"self":[{"href":"http:\/\/svsul.com.br\/sv\/index.php?rest_route=\/wp\/v2\/product\/229"}],"collection":[{"href":"http:\/\/svsul.com.br\/sv\/index.php?rest_route=\/wp\/v2\/product"}],"about":[{"href":"http:\/\/svsul.com.br\/sv\/index.php?rest_route=\/wp\/v2\/types\/product"}],"replies":[{"embeddable":true,"href":"http:\/\/svsul.com.br\/sv\/index.php?rest_route=%2Fwp%2Fv2%2Fcomments&post=229"}],"wp:featuredmedia":[{"embeddable":true,"href":"http:\/\/svsul.com.br\/sv\/index.php?rest_route=\/wp\/v2\/media\/230"}],"wp:attachment":[{"href":"http:\/\/svsul.com.br\/sv\/index.php?rest_route=%2Fwp%2Fv2%2Fmedia&parent=229"}],"wp:term":[{"taxonomy":"product_cat","embeddable":true,"href":"http:\/\/svsul.com.br\/sv\/index.php?rest_route=%2Fwp%2Fv2%2Fproduct_cat&post=229"},{"taxonomy":"product_tag","embeddable":true,"href":"http:\/\/svsul.com.br\/sv\/index.php?rest_route=%2Fwp%2Fv2%2Fproduct_tag&post=229"}],"curies":[{"name":"wp","href":"https:\/\/api.w.org\/{rel}","templated":true}]}}