{"id":234,"date":"2013-03-03T15:52:49","date_gmt":"2013-03-03T15:52:49","guid":{"rendered":"http:\/\/svsul.com.br\/sv\/?post_type=product&#038;p=234"},"modified":"2023-01-17T13:15:55","modified_gmt":"2023-01-17T13:15:55","slug":"os-12-modelos-e-o-modelo-dos-12","status":"publish","type":"product","link":"http:\/\/svsul.com.br\/sv\/?product=os-12-modelos-e-o-modelo-dos-12","title":{"rendered":"OS 12 MODELOS E O MODELO DOS 12"},"content":{"rendered":"<p>Este Livro Mostra muitos perfis de 12, do primeiro que nasce em Ismael, at\u00e9 chegar ao Apocalipse, com o nome honrado. As fases s\u00e3o distintas e muito desafiadoras. Voc\u00ea descobrir\u00e1 a evolu\u00e7\u00e3o da equipe e o resultado dessa busca. O Ap\u00f3stolo Terra Nova faz uma analogia, questionando sobre os que querem entender a revela\u00e7\u00e3o dos 12, mostrando que 12 s\u00e3o 12, n\u00e3o uma nomenclatura, mas uma a\u00e7\u00e3o de conquista. Este livro ajudar\u00e1 cada leitor a ser devolvido ao foco, pois \u00e9 necess\u00e1rio ver nascer uma gera\u00e7\u00e3o extremamente comprometida e cheia de esperan\u00e7a para mudar radicalmente seu territ\u00f3rio e trazer um \u00e2nimo novo para os contextos atuais.<\/p>\n<p>Autor: Ren\u00ea Terra Nova &#8211; 353 p\u00e1ginas<\/p>\n","protected":false},"excerpt":{"rendered":"<p>Este Livro mostra muitos perfis de 12, do primeiro que nasce em Ismael, at\u00e9 chegar ao Apocalipse, com o nome honrado.<br \/>\nAutor: Ren\u00ea Terra Nova &#8211; 353 p\u00e1ginas<\/p>\n","protected":false},"featured_media":235,"comment_status":"open","ping_status":"closed","template":"","meta":[],"product_cat":[14,18],"product_tag":[170,59],"_links":{"self":[{"href":"http:\/\/svsul.com.br\/sv\/index.php?rest_route=\/wp\/v2\/product\/234"}],"collection":[{"href":"http:\/\/svsul.com.br\/sv\/index.php?rest_route=\/wp\/v2\/product"}],"about":[{"href":"http:\/\/svsul.com.br\/sv\/index.php?rest_route=\/wp\/v2\/types\/product"}],"replies":[{"embeddable":true,"href":"http:\/\/svsul.com.br\/sv\/index.php?rest_route=%2Fwp%2Fv2%2Fcomments&post=234"}],"wp:featuredmedia":[{"embeddable":true,"href":"http:\/\/svsul.com.br\/sv\/index.php?rest_route=\/wp\/v2\/media\/235"}],"wp:attachment":[{"href":"http:\/\/svsul.com.br\/sv\/index.php?rest_route=%2Fwp%2Fv2%2Fmedia&parent=234"}],"wp:term":[{"taxonomy":"product_cat","embeddable":true,"href":"http:\/\/svsul.com.br\/sv\/index.php?rest_route=%2Fwp%2Fv2%2Fproduct_cat&post=234"},{"taxonomy":"product_tag","embeddable":true,"href":"http:\/\/svsul.com.br\/sv\/index.php?rest_route=%2Fwp%2Fv2%2Fproduct_tag&post=234"}],"curies":[{"name":"wp","href":"https:\/\/api.w.org\/{rel}","templated":true}]}}