{"id":238,"date":"2013-03-03T15:56:58","date_gmt":"2013-03-03T15:56:58","guid":{"rendered":"http:\/\/svsul.com.br\/sv\/?post_type=product&#038;p=238"},"modified":"2023-01-17T13:15:40","modified_gmt":"2023-01-17T13:15:40","slug":"pocket-projeto-jump-o-sonho-de-um-jovem","status":"publish","type":"product","link":"http:\/\/svsul.com.br\/sv\/?product=pocket-projeto-jump-o-sonho-de-um-jovem","title":{"rendered":"POCKET PROJETO JUMP &#8211; O SONHO DE UM JOVEM"},"content":{"rendered":"<p>Este livro tem o objetivo de mudar a sua sorte e transformar voc\u00ea em um sonhador. Os seus sonhos ser\u00e3o despertados e voc\u00ea ser\u00e1 levado a uma nova dimens\u00e3o, para sonhar os sonhos do cora\u00e7\u00e3o do Pai.<\/p>\n<p>Se voc\u00ea quiser, sua vida ser\u00e1 transformada de tal maneira que muitos vir\u00e3o procura-lo para serem ensinados como \u00e9 poss\u00edvel sobreviver com tanta excel\u00eancia em um s\u00e9culo t\u00e3o confuso. Voc\u00ea est\u00e1 disposto a ser este Jovem que vai abrir o cora\u00e7\u00e3o para ter os sonhos despertados por Deus?<\/p>\n<p>Ren\u00ea Terra Nova.<\/p>\n<p>P\u00e1ginas: 80<\/p>\n<p>Tamanho: 10x14cm<\/p>\n","protected":false},"excerpt":{"rendered":"<p>Este livro tem o objetivo de mudar a sua sorte e transformar voc\u00ea em um sonhador. Os seus sonhos ser\u00e3o despertados e voc\u00ea ser\u00e1 levado a uma nova dimens\u00e3o, para sonhar os sonhos do cora\u00e7\u00e3o do Pai.<br \/>\n80 p\u00e1ginas<\/p>\n","protected":false},"featured_media":240,"comment_status":"open","ping_status":"closed","template":"","meta":[],"product_cat":[14,18],"product_tag":[],"_links":{"self":[{"href":"http:\/\/svsul.com.br\/sv\/index.php?rest_route=\/wp\/v2\/product\/238"}],"collection":[{"href":"http:\/\/svsul.com.br\/sv\/index.php?rest_route=\/wp\/v2\/product"}],"about":[{"href":"http:\/\/svsul.com.br\/sv\/index.php?rest_route=\/wp\/v2\/types\/product"}],"replies":[{"embeddable":true,"href":"http:\/\/svsul.com.br\/sv\/index.php?rest_route=%2Fwp%2Fv2%2Fcomments&post=238"}],"wp:featuredmedia":[{"embeddable":true,"href":"http:\/\/svsul.com.br\/sv\/index.php?rest_route=\/wp\/v2\/media\/240"}],"wp:attachment":[{"href":"http:\/\/svsul.com.br\/sv\/index.php?rest_route=%2Fwp%2Fv2%2Fmedia&parent=238"}],"wp:term":[{"taxonomy":"product_cat","embeddable":true,"href":"http:\/\/svsul.com.br\/sv\/index.php?rest_route=%2Fwp%2Fv2%2Fproduct_cat&post=238"},{"taxonomy":"product_tag","embeddable":true,"href":"http:\/\/svsul.com.br\/sv\/index.php?rest_route=%2Fwp%2Fv2%2Fproduct_tag&post=238"}],"curies":[{"name":"wp","href":"https:\/\/api.w.org\/{rel}","templated":true}]}}