{"id":245,"date":"2013-03-03T16:01:12","date_gmt":"2013-03-03T16:01:12","guid":{"rendered":"http:\/\/svsul.com.br\/sv\/?post_type=product&#038;p=245"},"modified":"2019-01-29T16:05:13","modified_gmt":"2019-01-29T16:05:13","slug":"politicas-ficcao-e-realidades","status":"publish","type":"product","link":"http:\/\/svsul.com.br\/sv\/?product=politicas-ficcao-e-realidades","title":{"rendered":"POL\u00cdTICAS, FIC\u00c7\u00c3O E REALIDADES"},"content":{"rendered":"<p>Este livro \u00e9 uma fic\u00e7\u00e3o que aponta para realidades dos mundos f\u00edsico, ideol\u00f3gico e espiritual. Pretende contribuir para mudar a mentalidade da Igreja Evang\u00e9lica a respeito da Pol\u00edtica no Brasil. Por muitos anos, a Igreja Evang\u00e9lica excluiu-se, ou foi exclu\u00edda, de debate pol\u00edtico, tornando-se apenas, mais um dos grupos que serviam como massa de manobra, ficando sujeita \u00e0 a\u00e7\u00e3o de pessoas sem vis\u00e3o. Hoje, o quadro \u00e9 outro: a influ\u00eancia da Igreja Evang\u00e9lica na arena pol\u00edtica tem sido sentida e, inclusive, temida. Este \u00e9 um dos poucos livros que, no Brasil, aborda tema t\u00e3o atual e instigante. Vale a pena sua leitura com expectativa no cora\u00e7\u00e3o, pois o destino do Brasil pode ser efetivamente mudado por um povo que, com sabedoria e intelig\u00eancia, opera sua f\u00e9 em Deus e seu amor ao pr\u00f3ximo.<\/p>\n","protected":false},"excerpt":{"rendered":"<p>Este livro \u00e9 uma fic\u00e7\u00e3o que aponta para realidades dos mundos f\u00edsico, ideol\u00f3gico e espiritual.\u00a0 Pretende contribuir para mudar a mentalidade da Igreja Evang\u00e9lica a respeito da Pol\u00edtica no Brasil.<\/p>\n","protected":false},"featured_media":246,"comment_status":"open","ping_status":"closed","template":"","meta":[],"product_cat":[14,18],"product_tag":[228,229],"_links":{"self":[{"href":"http:\/\/svsul.com.br\/sv\/index.php?rest_route=\/wp\/v2\/product\/245"}],"collection":[{"href":"http:\/\/svsul.com.br\/sv\/index.php?rest_route=\/wp\/v2\/product"}],"about":[{"href":"http:\/\/svsul.com.br\/sv\/index.php?rest_route=\/wp\/v2\/types\/product"}],"replies":[{"embeddable":true,"href":"http:\/\/svsul.com.br\/sv\/index.php?rest_route=%2Fwp%2Fv2%2Fcomments&post=245"}],"wp:featuredmedia":[{"embeddable":true,"href":"http:\/\/svsul.com.br\/sv\/index.php?rest_route=\/wp\/v2\/media\/246"}],"wp:attachment":[{"href":"http:\/\/svsul.com.br\/sv\/index.php?rest_route=%2Fwp%2Fv2%2Fmedia&parent=245"}],"wp:term":[{"taxonomy":"product_cat","embeddable":true,"href":"http:\/\/svsul.com.br\/sv\/index.php?rest_route=%2Fwp%2Fv2%2Fproduct_cat&post=245"},{"taxonomy":"product_tag","embeddable":true,"href":"http:\/\/svsul.com.br\/sv\/index.php?rest_route=%2Fwp%2Fv2%2Fproduct_tag&post=245"}],"curies":[{"name":"wp","href":"https:\/\/api.w.org\/{rel}","templated":true}]}}