{"id":247,"date":"2013-03-03T16:02:31","date_gmt":"2013-03-03T16:02:31","guid":{"rendered":"http:\/\/svsul.com.br\/sv\/?post_type=product&#038;p=247"},"modified":"2023-01-17T13:13:20","modified_gmt":"2023-01-17T13:13:20","slug":"primicia-o-principio-que-gera-honra-e-santidade","status":"publish","type":"product","link":"http:\/\/svsul.com.br\/sv\/?product=primicia-o-principio-que-gera-honra-e-santidade","title":{"rendered":"PRIM\u00cdCIA, O PRINC\u00cdPIO QUE GERA HONRA E SANTIDADE"},"content":{"rendered":"<p>N\u00e3o sei como voc\u00ea vai absorver tantos ensinos, mas pe\u00e7o a Deus e ao meu Amigo Fiel, Esp\u00edrito Santo, para ajud\u00e1-lo a mergulhar em um universo diferente. E, claro, no exame da Palavra, voc\u00ea possa se deliciar e entender que algo poderoso est\u00e1 para despontar na sua vida e na vida de toda a sua fam\u00edlia, pois come\u00e7ou o novo de Deus. Este livro, &#8216;Prim\u00edcia, o princ\u00edpio que gera santidade e honra&#8217;, ajudar\u00e1 voc\u00ea e os que desejam estudar mais profundamente sobre o tema, a absorver um n\u00edvel maior de conhecimento para se tornar sa\u00fade na sua vida e na vida dos que est\u00e3o adormecidos, pois a prim\u00edcia \u00e9 a introdu\u00e7\u00e3o da nossa vida com Deus.<\/p>\n<p>Este livro, \u2018Prim\u00edcia, o princ\u00edpio que gera santidade e honra\u2019, ajudar\u00e1 voc\u00ea e os que desejam estudar mais profundamente sobre o tema, a absorver um n\u00edvel maior de conhecimento para se tornar sa\u00fade na sua vida dos que est\u00e3o adormecidos, pois a prim\u00edcias \u00e9 a introdu\u00e7\u00e3o da nossa vida com Deus.<\/p>\n<p>Prim\u00edcia \u00e9 a Festa de Pentecostes, a Festa do Esp\u00edrito Santo. O Esp\u00edrito Santo \u00e9 o Grande Primiciador em n\u00f3s. Ele primiciou em n\u00f3s o novo nascimento, comunh\u00e3o com Deus, vida eterna, todos esses princ\u00edpios de convers\u00e3o, de aquela fun\u00e7\u00e3o que as pessoas comparam \u00e0 de uma m\u00e3e, como que amamenta e corrige.<\/p>\n<p>N\u00f3s hoje somos alvos pela Prim\u00edcia, Jesus. Isso significa que a prim\u00edcias salva as situa\u00e7\u00f5es que estavam perdidas. Portanto, prepare-se para mergulhar nas p\u00e1ginas deste livro, para descobrir as riquezas que s\u00e3o guardadas e aprender a cumprir a \u2018Prim\u00edcia\u2019, o princ\u00edpio que gera santidade e honra\u2019.<\/p>\n<p>Autor: Ren\u00ea Terra Nova &#8211; 136 p\u00e1ginas<\/p>\n","protected":false},"excerpt":{"rendered":"<p>Este livro ajudar\u00e1 voc\u00ea a absorver um n\u00edvel maior de conhecimento para se tornar sa\u00fade na sua vida dos que est\u00e3o adormecidos, pois a prim\u00edcias \u00e9 a introdu\u00e7\u00e3o da nossa vida com Deus.<br \/>\nAutor: Ren\u00ea Terra Nova &#8211; 136 p\u00e1ginas<\/p>\n","protected":false},"featured_media":248,"comment_status":"open","ping_status":"closed","template":"","meta":[],"product_cat":[14,18],"product_tag":[41,171,59],"_links":{"self":[{"href":"http:\/\/svsul.com.br\/sv\/index.php?rest_route=\/wp\/v2\/product\/247"}],"collection":[{"href":"http:\/\/svsul.com.br\/sv\/index.php?rest_route=\/wp\/v2\/product"}],"about":[{"href":"http:\/\/svsul.com.br\/sv\/index.php?rest_route=\/wp\/v2\/types\/product"}],"replies":[{"embeddable":true,"href":"http:\/\/svsul.com.br\/sv\/index.php?rest_route=%2Fwp%2Fv2%2Fcomments&post=247"}],"wp:featuredmedia":[{"embeddable":true,"href":"http:\/\/svsul.com.br\/sv\/index.php?rest_route=\/wp\/v2\/media\/248"}],"wp:attachment":[{"href":"http:\/\/svsul.com.br\/sv\/index.php?rest_route=%2Fwp%2Fv2%2Fmedia&parent=247"}],"wp:term":[{"taxonomy":"product_cat","embeddable":true,"href":"http:\/\/svsul.com.br\/sv\/index.php?rest_route=%2Fwp%2Fv2%2Fproduct_cat&post=247"},{"taxonomy":"product_tag","embeddable":true,"href":"http:\/\/svsul.com.br\/sv\/index.php?rest_route=%2Fwp%2Fv2%2Fproduct_tag&post=247"}],"curies":[{"name":"wp","href":"https:\/\/api.w.org\/{rel}","templated":true}]}}