{"id":249,"date":"2013-03-03T16:03:56","date_gmt":"2013-03-03T16:03:56","guid":{"rendered":"http:\/\/svsul.com.br\/sv\/?post_type=product&#038;p=249"},"modified":"2019-01-29T16:04:28","modified_gmt":"2019-01-29T16:04:28","slug":"principios-biblicos-para-criancas","status":"publish","type":"product","link":"http:\/\/svsul.com.br\/sv\/?product=principios-biblicos-para-criancas","title":{"rendered":"PRINC\u00cdPIOS B\u00cdBLICOS PARA CRIAN\u00c7AS"},"content":{"rendered":"<p>O sonho com uma multid\u00e3o de crian\u00e7as, caminhando em um vale profundo, em busca de dire\u00e7\u00e3o, foi o impulso para darmos inicio a uma s\u00e9rie de estudos sobre os Princ\u00edpios B\u00edblicos. Princ\u00edpio refere-se a um padr\u00e3o de pensamento, \u00e9 um referencial b\u00e1sico que conduz a um estilo de vida. Com esse entendimento e tendo a certeza de que os Princ\u00edpios B\u00edblicos s\u00e3o uma ordem de Deus para o nosso comportamento, que treinam a mente para discernir entre o bem e o mal, e que s\u00e3o v\u00e1lidos em todo tempo, em todo lugar, para todas as pessoas e todos os assuntos, desenvolvemos os estudos deste livro, explicitando os sete Princ\u00edpios que nos ajudam a ter uma vida santa na presen\u00e7a do Senhor. \u201cAssim Jesus crescia em sabedoria e estatura, e era amado por Deus e pelos homens.\u201d (Lucas 2: 51 \u2013 Nova B\u00edblia Viva).<\/p>\n<p>Autor: Lu\u00eds e Regina Vasconcelos<\/p>\n<p>P\u00e1ginas: 92<\/p>\n","protected":false},"excerpt":{"rendered":"<p>O sonho com uma multid\u00e3o de crian\u00e7as, caminhando em um vale profundo, em busca de dire\u00e7\u00e3o, foi o impulso para darmos inicio a uma s\u00e9rie de estudos sobre os Princ\u00edpios B\u00edblicos. Autor: Lu\u00eds e Regina Vasconcelos<\/p>\n","protected":false},"featured_media":250,"comment_status":"open","ping_status":"closed","template":"","meta":[],"product_cat":[14,18],"product_tag":[266,265],"_links":{"self":[{"href":"http:\/\/svsul.com.br\/sv\/index.php?rest_route=\/wp\/v2\/product\/249"}],"collection":[{"href":"http:\/\/svsul.com.br\/sv\/index.php?rest_route=\/wp\/v2\/product"}],"about":[{"href":"http:\/\/svsul.com.br\/sv\/index.php?rest_route=\/wp\/v2\/types\/product"}],"replies":[{"embeddable":true,"href":"http:\/\/svsul.com.br\/sv\/index.php?rest_route=%2Fwp%2Fv2%2Fcomments&post=249"}],"wp:featuredmedia":[{"embeddable":true,"href":"http:\/\/svsul.com.br\/sv\/index.php?rest_route=\/wp\/v2\/media\/250"}],"wp:attachment":[{"href":"http:\/\/svsul.com.br\/sv\/index.php?rest_route=%2Fwp%2Fv2%2Fmedia&parent=249"}],"wp:term":[{"taxonomy":"product_cat","embeddable":true,"href":"http:\/\/svsul.com.br\/sv\/index.php?rest_route=%2Fwp%2Fv2%2Fproduct_cat&post=249"},{"taxonomy":"product_tag","embeddable":true,"href":"http:\/\/svsul.com.br\/sv\/index.php?rest_route=%2Fwp%2Fv2%2Fproduct_tag&post=249"}],"curies":[{"name":"wp","href":"https:\/\/api.w.org\/{rel}","templated":true}]}}