{"id":254,"date":"2013-03-03T16:06:57","date_gmt":"2013-03-03T16:06:57","guid":{"rendered":"http:\/\/svsul.com.br\/sv\/?post_type=product&#038;p=254"},"modified":"2023-01-17T13:12:50","modified_gmt":"2023-01-17T13:12:50","slug":"restaurando-o-altar-da-adoracao","status":"publish","type":"product","link":"http:\/\/svsul.com.br\/sv\/?product=restaurando-o-altar-da-adoracao","title":{"rendered":"RESTAURANDO O ALTAR DA ADORA\u00c7\u00c3O"},"content":{"rendered":"<p>\u00c9 atrav\u00e9s da adora\u00e7\u00e3o que nos aproximamos do Pai. \u00c9 na adora\u00e7\u00e3o que tocamos o sobrenatural e nos rendemos diante do Senhor de nossas vidas e permitimos que o Esp\u00edrito Santo nos capacite para o chamado que recebemos. Jesus disse que o Pai procura adoradores. Ser\u00e1 que temos sido encontrados por Ele? Tanto esses aspectos quanto os principais problemas que se relacionam com o Altar da Adora\u00e7\u00e3o e com aqueles que s\u00e3o chamados para o servi\u00e7o na Casa de Deus s\u00e3o abordados neste livro, enfatizando a necessidade de buscar a santifica\u00e7\u00e3o, o amor fraternal, a unidade e a alegria de servir. O livro fala principalmente aos Levitas, pois a eles cabe a responsabilidade de restaurar o Altar da Adora\u00e7\u00e3o, mas fala tamb\u00e9m a toda congrega\u00e7\u00e3o quando mostra que precisamos valorizar esses Servos do Altar que preparam a Igreja para receber o que ser\u00e1 ministrado pelo Pastor e prepara o servi\u00e7o do Culto.<\/p>\n","protected":false},"excerpt":{"rendered":"<p>O livro fala principalmente aos Levitas, pois a eles cabe a responsabilidade de restaurar o Altar da Adora\u00e7\u00e3o, mas fala tamb\u00e9m a toda congrega\u00e7\u00e3o quando mostra que precisamos valorizar esses Servos do Altar.<\/p>\n","protected":false},"featured_media":255,"comment_status":"open","ping_status":"closed","template":"","meta":[],"product_cat":[14,18],"product_tag":[162,169],"_links":{"self":[{"href":"http:\/\/svsul.com.br\/sv\/index.php?rest_route=\/wp\/v2\/product\/254"}],"collection":[{"href":"http:\/\/svsul.com.br\/sv\/index.php?rest_route=\/wp\/v2\/product"}],"about":[{"href":"http:\/\/svsul.com.br\/sv\/index.php?rest_route=\/wp\/v2\/types\/product"}],"replies":[{"embeddable":true,"href":"http:\/\/svsul.com.br\/sv\/index.php?rest_route=%2Fwp%2Fv2%2Fcomments&post=254"}],"wp:featuredmedia":[{"embeddable":true,"href":"http:\/\/svsul.com.br\/sv\/index.php?rest_route=\/wp\/v2\/media\/255"}],"wp:attachment":[{"href":"http:\/\/svsul.com.br\/sv\/index.php?rest_route=%2Fwp%2Fv2%2Fmedia&parent=254"}],"wp:term":[{"taxonomy":"product_cat","embeddable":true,"href":"http:\/\/svsul.com.br\/sv\/index.php?rest_route=%2Fwp%2Fv2%2Fproduct_cat&post=254"},{"taxonomy":"product_tag","embeddable":true,"href":"http:\/\/svsul.com.br\/sv\/index.php?rest_route=%2Fwp%2Fv2%2Fproduct_tag&post=254"}],"curies":[{"name":"wp","href":"https:\/\/api.w.org\/{rel}","templated":true}]}}