{"id":392,"date":"2013-05-06T00:13:25","date_gmt":"2013-05-06T00:13:25","guid":{"rendered":"http:\/\/svsul.com.br\/sv\/?post_type=product&#038;p=392"},"modified":"2019-01-29T16:02:47","modified_gmt":"2019-01-29T16:02:47","slug":"pocket-jump-vencendo-os-ataques-na-mente","status":"publish","type":"product","link":"http:\/\/svsul.com.br\/sv\/?product=pocket-jump-vencendo-os-ataques-na-mente","title":{"rendered":"Pocket JUMP &#8211; Vencendo os ataques na mente"},"content":{"rendered":"<div>\n<p>&#8220;Quando um Jovem vence os ataques na mente, passa a viver de forma saud\u00e1vel, com uma mente restaurada e fortalecida no Senhor e na for\u00e7a do Seu poder. Nada \u00e9 mais precioso para o Jovem do que ter a mente livre em Deus.<br \/>\nSabedor dessa verdade, o diabo come\u00e7a o ataque na mente dos Jovens para interferir naquilo que est\u00e3o recebendo do Trono. Confusos, muitos se perdem, pensando que a comunh\u00e3o com Deus foi quebrada. Mas isso foi at\u00e9 hoje.<br \/>\nPrepare-se para aprender como vencer os ataques na mente!&#8221;<\/p>\n<p>Autor: Ren\u00ea Terra Nova<\/p>\n<p>P\u00e1ginas: 78<\/p>\n<\/div>\n","protected":false},"excerpt":{"rendered":"<p>S\u00e9rie Pocket Projeto JUMP &#8211; Vencendo os ataques na mente<\/p>\n","protected":false},"featured_media":393,"comment_status":"open","ping_status":"closed","template":"","meta":[],"product_cat":[14,18],"product_tag":[51,166],"_links":{"self":[{"href":"http:\/\/svsul.com.br\/sv\/index.php?rest_route=\/wp\/v2\/product\/392"}],"collection":[{"href":"http:\/\/svsul.com.br\/sv\/index.php?rest_route=\/wp\/v2\/product"}],"about":[{"href":"http:\/\/svsul.com.br\/sv\/index.php?rest_route=\/wp\/v2\/types\/product"}],"replies":[{"embeddable":true,"href":"http:\/\/svsul.com.br\/sv\/index.php?rest_route=%2Fwp%2Fv2%2Fcomments&post=392"}],"wp:featuredmedia":[{"embeddable":true,"href":"http:\/\/svsul.com.br\/sv\/index.php?rest_route=\/wp\/v2\/media\/393"}],"wp:attachment":[{"href":"http:\/\/svsul.com.br\/sv\/index.php?rest_route=%2Fwp%2Fv2%2Fmedia&parent=392"}],"wp:term":[{"taxonomy":"product_cat","embeddable":true,"href":"http:\/\/svsul.com.br\/sv\/index.php?rest_route=%2Fwp%2Fv2%2Fproduct_cat&post=392"},{"taxonomy":"product_tag","embeddable":true,"href":"http:\/\/svsul.com.br\/sv\/index.php?rest_route=%2Fwp%2Fv2%2Fproduct_tag&post=392"}],"curies":[{"name":"wp","href":"https:\/\/api.w.org\/{rel}","templated":true}]}}