{"id":396,"date":"2013-05-06T00:17:28","date_gmt":"2013-05-06T00:17:28","guid":{"rendered":"http:\/\/svsul.com.br\/sv\/?post_type=product&#038;p=396"},"modified":"2019-01-29T16:02:00","modified_gmt":"2019-01-29T16:02:00","slug":"pocket-jump-caminhar-pela-honra","status":"publish","type":"product","link":"http:\/\/svsul.com.br\/sv\/?product=pocket-jump-caminhar-pela-honra","title":{"rendered":"Pocket JUMP &#8211;  Caminhar pela honra"},"content":{"rendered":"<div>\n<p>Aprender sobre honra quando ainda se \u00e9 Jovem \u00e9 ter uma vida adulta com menos probabilidade de erros. O que representa n\u00e3o trilhar a rota do tolo nem da desonra.<br \/>\nDeus est\u00e1 levantando uma gera\u00e7\u00e3o de Jovens doutrinados na Palavra, que buscam acertar e viver, a cada dia, mais perto do Pai, de forma a agradar o Seu cora\u00e7\u00e3o.<br \/>\nSei que este livro, pequeno no tamanho, mas grande no conte\u00fado, levar\u00e1 voc\u00ea, de forma simples, a entender que precisa caminhar pelo princ\u00edpio da honra, sem o peso que muitos colocam ao ensinar sobre o assunto.<br \/>\nQue sua vida seja pautada pela honra aos outros e pela colheita que vir\u00e1 na sua descri\u00e7\u00e3o, porque a Palavra de Deus n\u00e3o falha jamais. &#8220;Portanto dai a cada um o que deveis: a quem tributo, tributo; a quem imposto, imposto; a quem temos, temor; a quem honra, honra.&#8221; (Romanos 13: 7)<\/p>\n<p>Autor: Ren\u00ea Terra Nova<\/p>\n<p>P\u00e1ginas: 70<\/p>\n<\/div>\n","protected":false},"excerpt":{"rendered":"<p>S\u00e9rie Pocket Projeto JUMP &#8211; Caminhar pela Honra<\/p>\n","protected":false},"featured_media":397,"comment_status":"open","ping_status":"closed","template":"","meta":[],"product_cat":[14,18],"product_tag":[165,51],"_links":{"self":[{"href":"http:\/\/svsul.com.br\/sv\/index.php?rest_route=\/wp\/v2\/product\/396"}],"collection":[{"href":"http:\/\/svsul.com.br\/sv\/index.php?rest_route=\/wp\/v2\/product"}],"about":[{"href":"http:\/\/svsul.com.br\/sv\/index.php?rest_route=\/wp\/v2\/types\/product"}],"replies":[{"embeddable":true,"href":"http:\/\/svsul.com.br\/sv\/index.php?rest_route=%2Fwp%2Fv2%2Fcomments&post=396"}],"wp:featuredmedia":[{"embeddable":true,"href":"http:\/\/svsul.com.br\/sv\/index.php?rest_route=\/wp\/v2\/media\/397"}],"wp:attachment":[{"href":"http:\/\/svsul.com.br\/sv\/index.php?rest_route=%2Fwp%2Fv2%2Fmedia&parent=396"}],"wp:term":[{"taxonomy":"product_cat","embeddable":true,"href":"http:\/\/svsul.com.br\/sv\/index.php?rest_route=%2Fwp%2Fv2%2Fproduct_cat&post=396"},{"taxonomy":"product_tag","embeddable":true,"href":"http:\/\/svsul.com.br\/sv\/index.php?rest_route=%2Fwp%2Fv2%2Fproduct_tag&post=396"}],"curies":[{"name":"wp","href":"https:\/\/api.w.org\/{rel}","templated":true}]}}