{"id":398,"date":"2013-05-06T00:19:29","date_gmt":"2013-05-06T00:19:29","guid":{"rendered":"http:\/\/svsul.com.br\/sv\/?post_type=product&#038;p=398"},"modified":"2023-01-17T13:10:35","modified_gmt":"2023-01-17T13:10:35","slug":"mover-celular-o-fruto-fiel","status":"publish","type":"product","link":"http:\/\/svsul.com.br\/sv\/?product=mover-celular-o-fruto-fiel","title":{"rendered":"Mover Celular- O Fruto Fiel"},"content":{"rendered":"<div>\n<p>&#8220;&#8230;e multipliquem-se, como peixes, em multid\u00e3o no meio da terra.&#8221; ( G\u00eanesis 48: 16)<br \/>\nA promessa de Deus \u00e9 que a nossa multiplica\u00e7\u00e3o ser\u00e1 como a dos peixes, em grande quantidade, de forma que n\u00e3o possa ser medida, uma multiplica\u00e7\u00e3o extravagante.<br \/>\nDeus nos chamou para aben\u00e7oar as vidas, e nosso punico interesse \u00e9 que venha uma multid\u00e3o aos p\u00e9s do Senhor. Deus nos chamou para realizarmos uma obra excelente, portando devemos estar dispostos a trabalhar intensamente sem abortar os projetos, sonhando com o resultado que veremos como fruto do nosso penoso trabalho.<br \/>\nO Mover Celular \u00e9 a oportunidade de mudan\u00e7a em sua vida, lideran\u00e7a e minist\u00e9rio. O convite \u00e9 para si mesmo, e, finalmente, ressuscitar com uma proposta sobrenatural no cora\u00e7\u00e3o, um novo sonho: colheita!<\/p>\n<p>Autor: Ren\u00ea Terra Nova<\/p>\n<p>P\u00e1ginas: 184<\/p>\n<\/div>\n","protected":false},"excerpt":{"rendered":"<p>O Mover Celular \u00e9 a oportunidade de mudan\u00e7a em sua vida, lideran\u00e7a e minist\u00e9rio. O convite \u00e9 para si mesmo, e, finalmente, ressuscitar com uma proposta sobrenatural no cora\u00e7\u00e3o, um novo sonho: colheita!<\/p>\n","protected":false},"featured_media":399,"comment_status":"open","ping_status":"closed","template":"","meta":[],"product_cat":[14,18],"product_tag":[54,53,59],"_links":{"self":[{"href":"http:\/\/svsul.com.br\/sv\/index.php?rest_route=\/wp\/v2\/product\/398"}],"collection":[{"href":"http:\/\/svsul.com.br\/sv\/index.php?rest_route=\/wp\/v2\/product"}],"about":[{"href":"http:\/\/svsul.com.br\/sv\/index.php?rest_route=\/wp\/v2\/types\/product"}],"replies":[{"embeddable":true,"href":"http:\/\/svsul.com.br\/sv\/index.php?rest_route=%2Fwp%2Fv2%2Fcomments&post=398"}],"wp:featuredmedia":[{"embeddable":true,"href":"http:\/\/svsul.com.br\/sv\/index.php?rest_route=\/wp\/v2\/media\/399"}],"wp:attachment":[{"href":"http:\/\/svsul.com.br\/sv\/index.php?rest_route=%2Fwp%2Fv2%2Fmedia&parent=398"}],"wp:term":[{"taxonomy":"product_cat","embeddable":true,"href":"http:\/\/svsul.com.br\/sv\/index.php?rest_route=%2Fwp%2Fv2%2Fproduct_cat&post=398"},{"taxonomy":"product_tag","embeddable":true,"href":"http:\/\/svsul.com.br\/sv\/index.php?rest_route=%2Fwp%2Fv2%2Fproduct_tag&post=398"}],"curies":[{"name":"wp","href":"https:\/\/api.w.org\/{rel}","templated":true}]}}