{"id":400,"date":"2013-05-06T00:21:01","date_gmt":"2013-05-06T00:21:01","guid":{"rendered":"http:\/\/svsul.com.br\/sv\/?post_type=product&#038;p=400"},"modified":"2019-01-29T15:59:51","modified_gmt":"2019-01-29T15:59:51","slug":"mover-celular-consolidando-o-fruto-fiel","status":"publish","type":"product","link":"http:\/\/svsul.com.br\/sv\/?product=mover-celular-consolidando-o-fruto-fiel","title":{"rendered":"Mover Celular &#8211; Consolidando o Fruto Fiel"},"content":{"rendered":"<div>\n<p>Consolidando o Fruto Fiel \u00e9 uma das respostas que todos n\u00f3s est\u00e1vamos buscando para obtermos melhor resultado na reten\u00e7\u00e3o dos frutos que estamos ganhando. H\u00e1 uma paix\u00e3o pelas vidas que chegam ao Reino e que devem ser trabalhandas para que permane\u00e7am e deem muito fruto, fruto digno de arrependimento.<br \/>\nEste projeto, uma nova fase na reten\u00e7\u00e3o do fruto, d\u00e1-se pela necessidade de buscarmos, da parte de Deus, algo que seja plenamente salutar em entender que as vidas s\u00e3o demasiadamente importantes e devem se manter firmes.<br \/>\n\u00c9 certo que todos n\u00f3s encontramos dificuldades em reter os frutos pelos m\u00e9todos naturais, mas cremos que o Senhor colocar\u00e1 em ordem tudo quanto precisamos para que a gra\u00e7a n\u00e3o apenas consolide essas vidas, mas as leve para um plano sobrenatural.<br \/>\nAtrav\u00e9s deste livro, voc\u00ea aprender\u00e1 como o Fruto Fiel ser\u00e1 consolidado e conduzido a um n\u00edvel de vida muito mais elevado do que se possa imaginar.<\/p>\n<p>Autor: Ren\u00ea Terra Nova<\/p>\n<p>P\u00e1ginas: 156<\/p>\n<\/div>\n","protected":false},"excerpt":{"rendered":"<p>Atrav\u00e9s deste livro, voc\u00ea aprender\u00e1 como o Fruto Fiel ser\u00e1 consolidado e conduzido a um n\u00edvel de vida muito mais elevado do que se possa imaginar.<\/p>\n","protected":false},"featured_media":401,"comment_status":"open","ping_status":"closed","template":"","meta":[],"product_cat":[14,18],"product_tag":[54,53,59],"_links":{"self":[{"href":"http:\/\/svsul.com.br\/sv\/index.php?rest_route=\/wp\/v2\/product\/400"}],"collection":[{"href":"http:\/\/svsul.com.br\/sv\/index.php?rest_route=\/wp\/v2\/product"}],"about":[{"href":"http:\/\/svsul.com.br\/sv\/index.php?rest_route=\/wp\/v2\/types\/product"}],"replies":[{"embeddable":true,"href":"http:\/\/svsul.com.br\/sv\/index.php?rest_route=%2Fwp%2Fv2%2Fcomments&post=400"}],"wp:featuredmedia":[{"embeddable":true,"href":"http:\/\/svsul.com.br\/sv\/index.php?rest_route=\/wp\/v2\/media\/401"}],"wp:attachment":[{"href":"http:\/\/svsul.com.br\/sv\/index.php?rest_route=%2Fwp%2Fv2%2Fmedia&parent=400"}],"wp:term":[{"taxonomy":"product_cat","embeddable":true,"href":"http:\/\/svsul.com.br\/sv\/index.php?rest_route=%2Fwp%2Fv2%2Fproduct_cat&post=400"},{"taxonomy":"product_tag","embeddable":true,"href":"http:\/\/svsul.com.br\/sv\/index.php?rest_route=%2Fwp%2Fv2%2Fproduct_tag&post=400"}],"curies":[{"name":"wp","href":"https:\/\/api.w.org\/{rel}","templated":true}]}}