{"id":402,"date":"2013-05-06T00:22:42","date_gmt":"2013-05-06T00:22:42","guid":{"rendered":"http:\/\/svsul.com.br\/sv\/?post_type=product&#038;p=402"},"modified":"2023-01-17T13:15:06","modified_gmt":"2023-01-17T13:15:06","slug":"mover-celular-multiplicando-o-fruto-fiel","status":"publish","type":"product","link":"http:\/\/svsul.com.br\/sv\/?product=mover-celular-multiplicando-o-fruto-fiel","title":{"rendered":"Mover Celular &#8211; Multiplicando o Fruto Fiel"},"content":{"rendered":"<div>\n<p>Ao chegarmos \u00e0 terceira fase do Mover Celular, sentimo-nos extremamente desafiados, porque a Igreja de Jesus deu saltos na hist\u00f3ria e ampliou a sua vis\u00e3o, tendo um cora\u00e7\u00e3o aberto para ganhar e o entendimento alargado para caminhar nesta perspectiva maravilhosa de Multiplicar o Fruto Fiel.<br \/>\nO Fruto Fiel \u00e9 a resposta que est\u00e1vamos almejando diante de tantos anseios que permeavam a nossa hist\u00f3ria. E, como Igreja Celular, precisamos dar diretrizes de come\u00e7o, meio e continuidade para que a Igreja de Jesus avance em uma dimens\u00e3o muito mais ampliada e n\u00e3o perca a sensibilidade de conquistar uma multid\u00e3o de Filhos Leg\u00edtimos.<br \/>\nCr\u00e9dulos de que a Igreja de Jesus responder\u00e1 a esta chamada prof\u00e9tica, a Igreja em C\u00e9lulas ganha uma nova dimens\u00e3o administrativa, em que as c\u00e9lulas crescer\u00e3o em geografias, ser\u00e3o consolidadas nas geografias e multiplicar\u00e3o nessas geografias, levante uma multid\u00e3o de Filhos Leg\u00edtimos para Deus e trabalhe com afinco para que esta gera\u00e7\u00e3o seja entregue ao Messias.<\/p>\n<p>Autor: Ren\u00ea Terra Nova<\/p>\n<p>P\u00e1ginas: 196<\/p>\n<\/div>\n","protected":false},"excerpt":{"rendered":"<p>Ao chegarmos \u00e0 terceira fase do Mover Celular, sentimo-nos extremamente desafiados, porque a Igreja de Jesus deu saltos na hist\u00f3ria e ampliou a sua vis\u00e3o, tendo um cora\u00e7\u00e3o aberto para ganhar e o entendimento alargado para caminhar nesta perspectiva maravilhosa de Multiplicar o Fruto Fiel.<\/p>\n","protected":false},"featured_media":403,"comment_status":"open","ping_status":"closed","template":"","meta":[],"product_cat":[14,18],"product_tag":[54,53,59],"_links":{"self":[{"href":"http:\/\/svsul.com.br\/sv\/index.php?rest_route=\/wp\/v2\/product\/402"}],"collection":[{"href":"http:\/\/svsul.com.br\/sv\/index.php?rest_route=\/wp\/v2\/product"}],"about":[{"href":"http:\/\/svsul.com.br\/sv\/index.php?rest_route=\/wp\/v2\/types\/product"}],"replies":[{"embeddable":true,"href":"http:\/\/svsul.com.br\/sv\/index.php?rest_route=%2Fwp%2Fv2%2Fcomments&post=402"}],"wp:featuredmedia":[{"embeddable":true,"href":"http:\/\/svsul.com.br\/sv\/index.php?rest_route=\/wp\/v2\/media\/403"}],"wp:attachment":[{"href":"http:\/\/svsul.com.br\/sv\/index.php?rest_route=%2Fwp%2Fv2%2Fmedia&parent=402"}],"wp:term":[{"taxonomy":"product_cat","embeddable":true,"href":"http:\/\/svsul.com.br\/sv\/index.php?rest_route=%2Fwp%2Fv2%2Fproduct_cat&post=402"},{"taxonomy":"product_tag","embeddable":true,"href":"http:\/\/svsul.com.br\/sv\/index.php?rest_route=%2Fwp%2Fv2%2Fproduct_tag&post=402"}],"curies":[{"name":"wp","href":"https:\/\/api.w.org\/{rel}","templated":true}]}}