{"id":417,"date":"2013-06-05T02:01:46","date_gmt":"2013-06-05T02:01:46","guid":{"rendered":"http:\/\/svsul.com.br\/sv\/?post_type=product&#038;p=417"},"modified":"2023-01-17T13:14:50","modified_gmt":"2023-01-17T13:14:50","slug":"inteligencia-emocional-feminina-em-alta","status":"publish","type":"product","link":"http:\/\/svsul.com.br\/sv\/?product=inteligencia-emocional-feminina-em-alta","title":{"rendered":"Intelig\u00eancia Emocional Feminina em Alta"},"content":{"rendered":"<div>\n<p>As mulheres est\u00e3o mesmo em alta em todas as sociedades, e isso \u00e9 ineg\u00e1vel. Vivemos dias cada vez mais desafiadores com a evolu\u00e7\u00e3o da P\u00f3s-Modernidade, que se tornou algo sem precedentes na hist\u00f3ria, quando falamos de conquista da Revolu\u00e7\u00e3o Feminina. As mulheres ganham cada vez mais espa\u00e7os na sociedade e avan\u00e7am quase que voando rumo \u00e0s suas conquistas. Esse avan\u00e7o pode ter impactos devastadores na constru\u00e7\u00e3o de sua identidade, pertencimento do espa\u00e7o conquistado e localiza\u00e7\u00e3o e harmonia familiar.<\/p>\n<p>Este livro detalha como a mulher poder\u00e1 se manter inc\u00f3lume a tantas mudan\u00e7as na sociedade e ainda assim preservar sua fam\u00edlia, sua identidade feminina, sua integridade de mulher e, principalmente, continuar linda, madura e pr\u00f3spera em todas as \u00e1reas de sua vida.<\/p>\n<p>Trazendo \u00e0 luz atitudes s\u00e1bias e inteligentes de como se portar nos dias de hoje, voc\u00ea ver\u00e1 que \u00e9 poss\u00edvel estar em alta, no meio de um mundo em baixa, quando, de forma Emocionalmente Inteligente, constr\u00f3i-se e governa sem se perder na identidade pessoal, preservando valores e, especialmente, mantendo muita sa\u00fade emocional no dia a dia desta mulher p\u00f3s-moderna.<\/p>\n<p>Autor: Ester Amazonas<\/p>\n<p>&nbsp;<\/p>\n<\/div>\n","protected":false},"excerpt":{"rendered":"<p>Este livro detalha como a mulher poder\u00e1 se manter inc\u00f3lume a tantas mudan\u00e7as na sociedade e ainda assim preservar sua fam\u00edlia, sua identidade feminina, sua integridade de mulher.<\/p>\n","protected":false},"featured_media":418,"comment_status":"open","ping_status":"closed","template":"","meta":[],"product_cat":[14,18],"product_tag":[56],"_links":{"self":[{"href":"http:\/\/svsul.com.br\/sv\/index.php?rest_route=\/wp\/v2\/product\/417"}],"collection":[{"href":"http:\/\/svsul.com.br\/sv\/index.php?rest_route=\/wp\/v2\/product"}],"about":[{"href":"http:\/\/svsul.com.br\/sv\/index.php?rest_route=\/wp\/v2\/types\/product"}],"replies":[{"embeddable":true,"href":"http:\/\/svsul.com.br\/sv\/index.php?rest_route=%2Fwp%2Fv2%2Fcomments&post=417"}],"wp:featuredmedia":[{"embeddable":true,"href":"http:\/\/svsul.com.br\/sv\/index.php?rest_route=\/wp\/v2\/media\/418"}],"wp:attachment":[{"href":"http:\/\/svsul.com.br\/sv\/index.php?rest_route=%2Fwp%2Fv2%2Fmedia&parent=417"}],"wp:term":[{"taxonomy":"product_cat","embeddable":true,"href":"http:\/\/svsul.com.br\/sv\/index.php?rest_route=%2Fwp%2Fv2%2Fproduct_cat&post=417"},{"taxonomy":"product_tag","embeddable":true,"href":"http:\/\/svsul.com.br\/sv\/index.php?rest_route=%2Fwp%2Fv2%2Fproduct_tag&post=417"}],"curies":[{"name":"wp","href":"https:\/\/api.w.org\/{rel}","templated":true}]}}