{"id":423,"date":"2013-06-26T13:11:17","date_gmt":"2013-06-26T13:11:17","guid":{"rendered":"http:\/\/svsul.com.br\/sv\/?post_type=product&#038;p=423"},"modified":"2023-01-17T13:14:37","modified_gmt":"2023-01-17T13:14:37","slug":"12-um-diamante-extraido-da-rocha-rene-terra-nova","status":"publish","type":"product","link":"http:\/\/svsul.com.br\/sv\/?product=12-um-diamante-extraido-da-rocha-rene-terra-nova","title":{"rendered":"12, um Diamante Extra\u00eddo da Rocha &#8211; Ren\u00ea Terra Nova"},"content":{"rendered":"<p>Este livro levar\u00e1 voc\u00ea a navegar em rios de \u00e1guas ricas, cujos leitos t\u00eam preciosidades diamantadas. Um outro Universo se descortinar\u00e1 na sua frente e voc\u00ea descobrir\u00e1 que \u00e9 um diamante em potencial. E s\u00f3 o fato de voc\u00ea descobrir que sua vida poder\u00e1 refletir a Luz da Vida, j\u00e1 valeu a pena, pois voc\u00ea ser\u00e1 desafiado a ser mais lapidado.<\/p>\n<p>A sua hist\u00f3ria \u00e9 escrita pelo Eterno, o Grande Esculpidor, mas voc\u00ea, a pedra que necessita ser trabalhada, precisa estar dispon\u00edvel. Ser esculpido por esse Especialista significa que voc\u00ea ser\u00e1 pe\u00e7a \u00fanica, de valor inestim\u00e1vel.<\/p>\n<p>Esta leitura o levar\u00e1 a ser lapidado pelo Senhor, e voc\u00ea se transformar\u00e1 em um diamante de grande valor, para mostrar a este s\u00e9culo que existem joias que n\u00e3o est\u00e3o \u00e0 venda, mas que s\u00e3o a diferen\u00e7a para confundir os que se acham s\u00e1bios e para consolidar os simples.<\/p>\n<p>Ap\u00f3stolo Ren\u00ea Terra Nova<\/p>\n<p>P\u00e1ginas: 156<\/p>\n<div><\/div>\n","protected":false},"excerpt":{"rendered":"<p>Esta leitura o levar\u00e1 a ser lapidado pelo Senhor, e voc\u00ea se transformar\u00e1 em um diamante de grande valor, para mostrar a este s\u00e9culo que existem joias que n\u00e3o est\u00e3o \u00e0 venda, mas que s\u00e3o a diferen\u00e7a para confundir os que se acham s\u00e1bios e para consolidar os simples.<\/p>\n","protected":false},"featured_media":424,"comment_status":"open","ping_status":"closed","template":"","meta":[],"product_cat":[14,18],"product_tag":[57,59,58],"_links":{"self":[{"href":"http:\/\/svsul.com.br\/sv\/index.php?rest_route=\/wp\/v2\/product\/423"}],"collection":[{"href":"http:\/\/svsul.com.br\/sv\/index.php?rest_route=\/wp\/v2\/product"}],"about":[{"href":"http:\/\/svsul.com.br\/sv\/index.php?rest_route=\/wp\/v2\/types\/product"}],"replies":[{"embeddable":true,"href":"http:\/\/svsul.com.br\/sv\/index.php?rest_route=%2Fwp%2Fv2%2Fcomments&post=423"}],"wp:featuredmedia":[{"embeddable":true,"href":"http:\/\/svsul.com.br\/sv\/index.php?rest_route=\/wp\/v2\/media\/424"}],"wp:attachment":[{"href":"http:\/\/svsul.com.br\/sv\/index.php?rest_route=%2Fwp%2Fv2%2Fmedia&parent=423"}],"wp:term":[{"taxonomy":"product_cat","embeddable":true,"href":"http:\/\/svsul.com.br\/sv\/index.php?rest_route=%2Fwp%2Fv2%2Fproduct_cat&post=423"},{"taxonomy":"product_tag","embeddable":true,"href":"http:\/\/svsul.com.br\/sv\/index.php?rest_route=%2Fwp%2Fv2%2Fproduct_tag&post=423"}],"curies":[{"name":"wp","href":"https:\/\/api.w.org\/{rel}","templated":true}]}}