{"id":425,"date":"2013-06-26T13:13:34","date_gmt":"2013-06-26T13:13:34","guid":{"rendered":"http:\/\/svsul.com.br\/sv\/?post_type=product&#038;p=425"},"modified":"2023-01-17T13:14:23","modified_gmt":"2023-01-17T13:14:23","slug":"a-forca-do-discipulado-rene-terra-nova","status":"publish","type":"product","link":"http:\/\/svsul.com.br\/sv\/?product=a-forca-do-discipulado-rene-terra-nova","title":{"rendered":"A For\u00e7a do Discipulado &#8211; Ren\u00ea Terra Nova"},"content":{"rendered":"<p>A for\u00e7a do Discipulado nasceu com a inten\u00e7\u00e3o de desatar a paix\u00e3o por vidas e a certeza de que a sua voca\u00e7\u00e3o \u00e9 uma miss\u00e3o divina, o resultado de uma ordem que ecoa at\u00e9 hoje nos ouvidos os mais atentos: \u201cIde e fazei disc\u00edpulos&#8230;\u201d (Mateus 28: 19)<\/p>\n<p>H\u00e1 mais de dois mil anos, uma equipe de homens conviveu com o Maior Mestre que a Terra j\u00e1 conheceu. Jesus os discipulou ininterruptamente por tr\u00eas anos, mas bastaram tr\u00eas dias de aus\u00eancia para o cora\u00e7\u00e3o deles ser tomado pela incredulidade e dureza.<\/p>\n<p>O Senhor Jesus os encontrou desistidos e enclausurados, e, pelo confronto, curou a s\u00edndrome dos saduceus que havia sido plantada no rec\u00f4ndito de suas almas. Pela For\u00e7a do Discipulado, o Mestre n\u00e3o apenas reacendeu a chama em seus cora\u00e7\u00f5es, como os levou para um lugar de destino onde receberam instru\u00e7\u00f5es sobre conquistas de territ\u00f3rios.<\/p>\n<p>A Grande Comiss\u00e3o, o Ide, a ordem de fazer disc\u00edpulos encontrou pouso em seus cora\u00e7\u00f5es e os transformou em discipuladores de \u00eaxito, que partiram de Jerusal\u00e9m, andaram por Samaria e alcan\u00e7aram os confins da Terra.<\/p>\n<p>Atrav\u00e9s deste livro, voc\u00ea ser\u00e1 desafiado a exercer um discipulado pleno, vocacionado e cheio de paix\u00e3o. Voc\u00ea ter\u00e1 a sua f\u00e9 desatada de uma forma t\u00e3o sobrenatural que entender\u00e1 A For\u00e7a do Discipulado e se tornar\u00e1 um homem e uma mulher desej\u00e1vel no Reino. Por onde voc\u00ea passar, o rastro do sobrenatural o seguir\u00e1, e a gl\u00f3ria de Deus ser\u00e1 sedimentada em todas as suas geografias.<\/p>\n<p>Ap\u00f3stolo Ren\u00ea Terra Nova<\/p>\n<p>P\u00e1ginas: 186<\/p>\n","protected":false},"excerpt":{"rendered":"<p>Atrav\u00e9s deste livro, voc\u00ea ser\u00e1 desafiado a exercer um discipulado pleno, vocacionado e cheio de paix\u00e3o.<\/p>\n","protected":false},"featured_media":426,"comment_status":"open","ping_status":"closed","template":"","meta":[],"product_cat":[14,18],"product_tag":[60,59],"_links":{"self":[{"href":"http:\/\/svsul.com.br\/sv\/index.php?rest_route=\/wp\/v2\/product\/425"}],"collection":[{"href":"http:\/\/svsul.com.br\/sv\/index.php?rest_route=\/wp\/v2\/product"}],"about":[{"href":"http:\/\/svsul.com.br\/sv\/index.php?rest_route=\/wp\/v2\/types\/product"}],"replies":[{"embeddable":true,"href":"http:\/\/svsul.com.br\/sv\/index.php?rest_route=%2Fwp%2Fv2%2Fcomments&post=425"}],"wp:featuredmedia":[{"embeddable":true,"href":"http:\/\/svsul.com.br\/sv\/index.php?rest_route=\/wp\/v2\/media\/426"}],"wp:attachment":[{"href":"http:\/\/svsul.com.br\/sv\/index.php?rest_route=%2Fwp%2Fv2%2Fmedia&parent=425"}],"wp:term":[{"taxonomy":"product_cat","embeddable":true,"href":"http:\/\/svsul.com.br\/sv\/index.php?rest_route=%2Fwp%2Fv2%2Fproduct_cat&post=425"},{"taxonomy":"product_tag","embeddable":true,"href":"http:\/\/svsul.com.br\/sv\/index.php?rest_route=%2Fwp%2Fv2%2Fproduct_tag&post=425"}],"curies":[{"name":"wp","href":"https:\/\/api.w.org\/{rel}","templated":true}]}}