{"id":53,"date":"2012-11-11T11:49:46","date_gmt":"2012-11-11T11:49:46","guid":{"rendered":"http:\/\/svsul.com.br\/sv\/?post_type=product&#038;p=53"},"modified":"2019-01-29T16:22:20","modified_gmt":"2019-01-29T16:22:20","slug":"amor-perfeito-isaque-e-rebeca","status":"publish","type":"product","link":"http:\/\/svsul.com.br\/sv\/?product=amor-perfeito-isaque-e-rebeca","title":{"rendered":"AMOR PERFEITO ISAQUE E REBECA"},"content":{"rendered":"<p>Este livro \u00e9 uma do\u00e7ura para os solteiros, um alento para os divorciados e uma ressurrei\u00e7\u00e3o de esperan\u00e7a para os vi\u00favos. Autor: Ren\u00ea Terra Nova &#8211; 140 p\u00e1ginas<\/p>\n","protected":false},"excerpt":{"rendered":"<p>Este livro \u00e9 uma do\u00e7ura para os solteiros, um alento para os divorciados e uma ressurrei\u00e7\u00e3o de esperan\u00e7a para os vi\u00favos. Autor: Ren\u00ea Terra Nova &#8211; 140 p\u00e1ginas<\/p>\n","protected":false},"featured_media":67,"comment_status":"open","ping_status":"closed","template":"","meta":[],"product_cat":[14,18],"product_tag":[31,32],"_links":{"self":[{"href":"http:\/\/svsul.com.br\/sv\/index.php?rest_route=\/wp\/v2\/product\/53"}],"collection":[{"href":"http:\/\/svsul.com.br\/sv\/index.php?rest_route=\/wp\/v2\/product"}],"about":[{"href":"http:\/\/svsul.com.br\/sv\/index.php?rest_route=\/wp\/v2\/types\/product"}],"replies":[{"embeddable":true,"href":"http:\/\/svsul.com.br\/sv\/index.php?rest_route=%2Fwp%2Fv2%2Fcomments&post=53"}],"wp:featuredmedia":[{"embeddable":true,"href":"http:\/\/svsul.com.br\/sv\/index.php?rest_route=\/wp\/v2\/media\/67"}],"wp:attachment":[{"href":"http:\/\/svsul.com.br\/sv\/index.php?rest_route=%2Fwp%2Fv2%2Fmedia&parent=53"}],"wp:term":[{"taxonomy":"product_cat","embeddable":true,"href":"http:\/\/svsul.com.br\/sv\/index.php?rest_route=%2Fwp%2Fv2%2Fproduct_cat&post=53"},{"taxonomy":"product_tag","embeddable":true,"href":"http:\/\/svsul.com.br\/sv\/index.php?rest_route=%2Fwp%2Fv2%2Fproduct_tag&post=53"}],"curies":[{"name":"wp","href":"https:\/\/api.w.org\/{rel}","templated":true}]}}